{"id":3453,"date":"2023-07-10T17:42:41","date_gmt":"2023-07-10T17:42:41","guid":{"rendered":"https:\/\/narauschool.com\/narau-school-matrikula-eskaera"},"modified":"2025-05-23T08:25:12","modified_gmt":"2025-05-23T08:25:12","slug":"narau-school-matrikula-eskaera","status":"publish","type":"page","link":"https:\/\/narauschool.com\/eu\/narau-school-matrikula-eskaera","title":{"rendered":"NARAU SCHOOL Matrikula Eskaera"},"content":{"rendered":"\t\t<div data-elementor-type=\"wp-page\" data-elementor-id=\"3453\" class=\"elementor elementor-3453 elementor-1712\" data-elementor-post-type=\"page\">\n\t\t\t\t\t\t<section class=\"elementor-section elementor-top-section elementor-element elementor-element-17add18 elementor-section-boxed elementor-section-height-default elementor-section-height-default parallax_section_no qode_elementor_container_no\" data-id=\"17add18\" data-element_type=\"section\" data-e-type=\"section\">\n\t\t\t\t\t\t<div class=\"elementor-container elementor-column-gap-default\">\n\t\t\t\t\t<div class=\"elementor-column elementor-col-100 elementor-top-column elementor-element elementor-element-1b1fced\" data-id=\"1b1fced\" data-element_type=\"column\" data-e-type=\"column\">\n\t\t\t<div class=\"elementor-widget-wrap elementor-element-populated\">\n\t\t\t\t\t\t<div class=\"elementor-element elementor-element-cddb5cb elementor-widget elementor-widget-spacer\" data-id=\"cddb5cb\" data-element_type=\"widget\" data-e-type=\"widget\" data-widget_type=\"spacer.default\">\n\t\t\t\t<div class=\"elementor-widget-container\">\n\t\t\t\t\t\t\t<div class=\"elementor-spacer\">\n\t\t\t<div class=\"elementor-spacer-inner\"><\/div>\n\t\t<\/div>\n\t\t\t\t\t\t<\/div>\n\t\t\t\t<\/div>\n\t\t\t\t\t<\/div>\n\t\t<\/div>\n\t\t\t\t\t<\/div>\n\t\t<\/section>\n\t\t\t\t<section class=\"elementor-section elementor-top-section elementor-element elementor-element-c205540 elementor-section-boxed elementor-section-height-default elementor-section-height-default parallax_section_no qode_elementor_container_no\" data-id=\"c205540\" data-element_type=\"section\" data-e-type=\"section\">\n\t\t\t\t\t\t<div class=\"elementor-container elementor-column-gap-default\">\n\t\t\t\t\t<div class=\"elementor-column elementor-col-100 elementor-top-column elementor-element elementor-element-ac9a5ed\" data-id=\"ac9a5ed\" data-element_type=\"column\" data-e-type=\"column\">\n\t\t\t<div class=\"elementor-widget-wrap elementor-element-populated\">\n\t\t\t\t\t\t<div class=\"elementor-element elementor-element-a3e1c57 elementor-widget elementor-widget-text-editor\" data-id=\"a3e1c57\" data-element_type=\"widget\" data-e-type=\"widget\" data-widget_type=\"text-editor.default\">\n\t\t\t\t<div class=\"elementor-widget-container\">\n\t\t\t\t\t\t\t\t\t<h1 style=\"text-align: center;\">Matrikula Eskaera<\/h1>\n<h2 style=\"text-align: center;\">2025-2026 ikasturtea (2025\/09\/08-2025\/06\/19)<\/h2>\t\t\t\t\t\t\t\t<\/div>\n\t\t\t\t<\/div>\n\t\t\t\t\t<\/div>\n\t\t<\/div>\n\t\t\t\t\t<\/div>\n\t\t<\/section>\n\t\t\t\t<section class=\"elementor-section elementor-top-section elementor-element elementor-element-1199559 elementor-section-boxed elementor-section-height-default elementor-section-height-default parallax_section_no qode_elementor_container_no\" data-id=\"1199559\" data-element_type=\"section\" data-e-type=\"section\">\n\t\t\t\t\t\t<div class=\"elementor-container elementor-column-gap-default\">\n\t\t\t\t\t<div class=\"elementor-column elementor-col-100 elementor-top-column elementor-element elementor-element-858c730\" data-id=\"858c730\" data-element_type=\"column\" data-e-type=\"column\">\n\t\t\t<div class=\"elementor-widget-wrap elementor-element-populated\">\n\t\t\t\t\t\t<div class=\"elementor-element elementor-element-9a69473 elementor-widget elementor-widget-bridge_cf_7\" data-id=\"9a69473\" data-element_type=\"widget\" data-e-type=\"widget\" data-widget_type=\"bridge_cf_7.default\">\n\t\t\t\t<div class=\"elementor-widget-container\">\n\t\t\t\t\t    <div class=\"qode-contact-form-7 qode-contact-form-7-0\">\n    \n<div class=\"wpcf7 no-js\" id=\"wpcf7-f2474-o1\" lang=\"es-ES\" dir=\"ltr\" data-wpcf7-id=\"2474\">\n<div class=\"screen-reader-response\"><p role=\"status\" aria-live=\"polite\" aria-atomic=\"true\"><\/p> <ul><\/ul><\/div>\n<form action=\"\/eu\/wp-json\/wp\/v2\/pages\/3453#wpcf7-f2474-o1\" method=\"post\" class=\"wpcf7-form init cf7_custom_style_1\" aria-label=\"Contact form\" novalidate=\"novalidate\" data-status=\"init\">\n<fieldset class=\"hidden-fields-container\"><input type=\"hidden\" name=\"_wpcf7\" value=\"2474\" \/><input type=\"hidden\" name=\"_wpcf7_version\" value=\"6.1.5\" \/><input type=\"hidden\" name=\"_wpcf7_locale\" value=\"es_ES\" \/><input type=\"hidden\" name=\"_wpcf7_unit_tag\" value=\"wpcf7-f2474-o1\" \/><input type=\"hidden\" name=\"_wpcf7_container_post\" value=\"0\" \/><input type=\"hidden\" name=\"_wpcf7_posted_data_hash\" value=\"\" \/><input type=\"hidden\" name=\"_wpcf7_recaptcha_response\" value=\"\" \/>\n<\/fieldset>\n<p class=\"titulo-bloque\">\u2022 Ikaslearen izena eta abizenak:\n<\/p>\n<p><span class=\"wpcf7-form-control-wrap\" data-name=\"tu-nombre\"><input size=\"40\" maxlength=\"400\" class=\"wpcf7-form-control wpcf7-text wpcf7-validates-as-required\" aria-required=\"true\" aria-invalid=\"false\" value=\"\" type=\"text\" name=\"tu-nombre\" \/><\/span>\n<\/p>\n<p class=\"titulo-bloque\">\u2022 Ikaslearen jaiotze data:\n<\/p>\n<p><span class=\"wpcf7-form-control-wrap\" data-name=\"Fechadenacimiento\"><input class=\"wpcf7-form-control wpcf7-date wpcf7-validates-as-required wpcf7-validates-as-date\" aria-required=\"true\" aria-invalid=\"false\" value=\"\" type=\"date\" name=\"Fechadenacimiento\" \/><\/span>\n<\/p>\n<p class=\"titulo-bloque\">\u2022 Hizkuntza:\n<\/p>\n<p><span class=\"wpcf7-form-control-wrap\" data-name=\"idiomas-solicitados\"><span class=\"wpcf7-form-control wpcf7-checkbox wpcf7-validates-as-required\"><span class=\"wpcf7-list-item first\"><input type=\"checkbox\" name=\"idiomas-solicitados[]\" value=\"Ingelesa\" \/><span class=\"wpcf7-list-item-label\">Ingelesa<\/span><\/span><span class=\"wpcf7-list-item\"><input type=\"checkbox\" name=\"idiomas-solicitados[]\" value=\"Frantsesa\" \/><span class=\"wpcf7-list-item-label\">Frantsesa<\/span><\/span><span class=\"wpcf7-list-item\"><input type=\"checkbox\" name=\"idiomas-solicitados[]\" value=\"Alemana\" \/><span class=\"wpcf7-list-item-label\">Alemana<\/span><\/span><span class=\"wpcf7-list-item\"><input type=\"checkbox\" name=\"idiomas-solicitados[]\" value=\"Japoniarra\" \/><span class=\"wpcf7-list-item-label\">Japoniarra<\/span><\/span><span class=\"wpcf7-list-item last\"><input type=\"checkbox\" name=\"idiomas-solicitados[]\" value=\"Gaztelania\" \/><span class=\"wpcf7-list-item-label\">Gaztelania<\/span><\/span><\/span><\/span>\n<\/p>\n<hr \/>\n<p><span class=\"wpcf7-form-control-wrap\" data-name=\"refuerzo\"><span class=\"wpcf7-form-control wpcf7-checkbox\"><span class=\"wpcf7-list-item first last\"><input type=\"checkbox\" name=\"refuerzo[]\" value=\"Indartzea: (irakasgaia eta maila zehaztu)\" \/><span class=\"wpcf7-list-item-label\">Indartzea: (irakasgaia eta maila zehaztu)<\/span><\/span><\/span><\/span><br \/>\n<span class=\"wpcf7-form-control-wrap\" data-name=\"nivel-refuerzo\"><input size=\"40\" maxlength=\"400\" class=\"wpcf7-form-control wpcf7-text\" aria-invalid=\"false\" value=\"\" type=\"text\" name=\"nivel-refuerzo\" \/><\/span>\n<\/p>\n<p class=\"titulo-bloque\">\u2022 Gogoko ordutegiak (asteko egunak eta ordu tarteak zehaztu):\n<\/p>\n<p><span class=\"wpcf7-form-control-wrap\" data-name=\"horarios-preferentes\"><textarea cols=\"40\" rows=\"10\" maxlength=\"2000\" class=\"wpcf7-form-control wpcf7-textarea\" aria-invalid=\"false\" name=\"horarios-preferentes\"><\/textarea><\/span>\n<\/p>\n<p class=\"titulo-bloque\">\u2022 Lehen hezkuntzako ikasleentzat (HH-LH): eguerdiko orduan etortzea interesatuko litzaizuke (13:20-14:20 h)?\n<\/p>\n<p><span class=\"wpcf7-form-control-wrap\" data-name=\"clase-mediodia\"><span class=\"wpcf7-form-control wpcf7-checkbox\"><span class=\"wpcf7-list-item first\"><label><input type=\"checkbox\" name=\"clase-mediodia[]\" value=\"Bai\" \/><span class=\"wpcf7-list-item-label\">Bai<\/span><\/label><\/span><span class=\"wpcf7-list-item last\"><label><input type=\"checkbox\" name=\"clase-mediodia[]\" value=\"Ez\" \/><span class=\"wpcf7-list-item-label\">Ez<\/span><\/label><\/span><\/span><\/span>\n<\/p>\n<p class=\"atencion\">* NARAUk zuen lehentasunetara egokitzen saiatuko da, baina hau ezin dugu bermatu kasu guztietan.\n<\/p>\n<p class=\"titulo-bloque\">\u2022 Modalitatea:\n<\/p>\n<p><span class=\"wpcf7-form-control-wrap\" data-name=\"modalidad\"><span class=\"wpcf7-form-control wpcf7-checkbox\"><span class=\"wpcf7-list-item first\"><input type=\"checkbox\" name=\"modalidad[]\" value=\"Taldekakoa\" \/><span class=\"wpcf7-list-item-label\">Taldekakoa<\/span><\/span><span class=\"wpcf7-list-item last\"><input type=\"checkbox\" name=\"modalidad[]\" value=\"Bakarkakoa\" \/><span class=\"wpcf7-list-item-label\">Bakarkakoa<\/span><\/span><\/span><\/span>\n<\/p>\n<p>* \"Bakarkako\" aukera zentroaren eskuragarritasunaren araberakoa izango da.\n<\/p>\n<p class=\"titulo-bloque\">\u2022 Maila akademikoa 2025-2026 ikasturtean:\n<\/p>\n<p><span class=\"wpcf7-form-control-wrap\" data-name=\"nivel-academico\"><span class=\"wpcf7-form-control wpcf7-checkbox\"><span class=\"wpcf7-list-item first\"><input type=\"checkbox\" name=\"nivel-academico[]\" value=\"HH3\" \/><span class=\"wpcf7-list-item-label\">HH3<\/span><\/span><span class=\"wpcf7-list-item\"><input type=\"checkbox\" name=\"nivel-academico[]\" value=\"HH4\" \/><span class=\"wpcf7-list-item-label\">HH4<\/span><\/span><span class=\"wpcf7-list-item\"><input type=\"checkbox\" name=\"nivel-academico[]\" value=\"HH5\" \/><span class=\"wpcf7-list-item-label\">HH5<\/span><\/span><span class=\"wpcf7-list-item\"><input type=\"checkbox\" name=\"nivel-academico[]\" value=\"LH1\" \/><span class=\"wpcf7-list-item-label\">LH1<\/span><\/span><span class=\"wpcf7-list-item\"><input type=\"checkbox\" name=\"nivel-academico[]\" value=\"LH2\" \/><span class=\"wpcf7-list-item-label\">LH2<\/span><\/span><span class=\"wpcf7-list-item\"><input type=\"checkbox\" name=\"nivel-academico[]\" value=\"LH3\" \/><span class=\"wpcf7-list-item-label\">LH3<\/span><\/span><span class=\"wpcf7-list-item\"><input type=\"checkbox\" name=\"nivel-academico[]\" value=\"LH4\" \/><span class=\"wpcf7-list-item-label\">LH4<\/span><\/span><span class=\"wpcf7-list-item\"><input type=\"checkbox\" name=\"nivel-academico[]\" value=\"LH5\" \/><span class=\"wpcf7-list-item-label\">LH5<\/span><\/span><span class=\"wpcf7-list-item\"><input type=\"checkbox\" name=\"nivel-academico[]\" value=\"LH6\" \/><span class=\"wpcf7-list-item-label\">LH6<\/span><\/span><span class=\"wpcf7-list-item\"><input type=\"checkbox\" name=\"nivel-academico[]\" value=\"DBH1\" \/><span class=\"wpcf7-list-item-label\">DBH1<\/span><\/span><span class=\"wpcf7-list-item\"><input type=\"checkbox\" name=\"nivel-academico[]\" value=\"DBH2\" \/><span class=\"wpcf7-list-item-label\">DBH2<\/span><\/span><span class=\"wpcf7-list-item\"><input type=\"checkbox\" name=\"nivel-academico[]\" value=\"DBH3\" \/><span class=\"wpcf7-list-item-label\">DBH3<\/span><\/span><span class=\"wpcf7-list-item\"><input type=\"checkbox\" name=\"nivel-academico[]\" value=\"DBH4\" \/><span class=\"wpcf7-list-item-label\">DBH4<\/span><\/span><span class=\"wpcf7-list-item\"><input type=\"checkbox\" name=\"nivel-academico[]\" value=\"BATXI1\" \/><span class=\"wpcf7-list-item-label\">BATXI1<\/span><\/span><span class=\"wpcf7-list-item\"><input type=\"checkbox\" name=\"nivel-academico[]\" value=\"BATXI2\" \/><span class=\"wpcf7-list-item-label\">BATXI2<\/span><\/span><span class=\"wpcf7-list-item\"><input type=\"checkbox\" name=\"nivel-academico[]\" value=\"LH\" \/><span class=\"wpcf7-list-item-label\">LH<\/span><\/span><span class=\"wpcf7-list-item\"><input type=\"checkbox\" name=\"nivel-academico[]\" value=\"Unibertsitatea\" \/><span class=\"wpcf7-list-item-label\">Unibertsitatea<\/span><\/span><span class=\"wpcf7-list-item\"><input type=\"checkbox\" name=\"nivel-academico[]\" value=\"Helduak\" \/><span class=\"wpcf7-list-item-label\">Helduak<\/span><\/span><span class=\"wpcf7-list-item last\"><input type=\"checkbox\" name=\"nivel-academico[]\" value=\"Beste batzuk\" \/><span class=\"wpcf7-list-item-label\">Beste batzuk<\/span><\/span><\/span><\/span>\n<\/p>\n<p>Beste batzuk. Zehaztu.<br \/>\n<span class=\"wpcf7-form-control-wrap\" data-name=\"especificar-nivel-academico\"><input size=\"40\" maxlength=\"400\" class=\"wpcf7-form-control wpcf7-text\" aria-invalid=\"false\" value=\"\" type=\"text\" name=\"especificar-nivel-academico\" \/><\/span>\n<\/p>\n<p class=\"atencion\">Arreta!<br \/>\n*Gure HH3tik LH1era bitarteko ikasleek astean 1 ordu\/klase jasotzen dute; LH2tik LH6ra bitartean astean 2 ordu\/klase jasotzen dituzte 2 egunetan banatuta, nahiago izan ez gero txandakakoak izan daitezke; DBH1etik aurrera astean 3 ordu\/klase jasotzen dituzte 2 egunetan banatuta, 1,5 orduko 2 saio bakoitzean, nahiago badute egun txandakakoetan. Bakarrekoak, indartze klaseak, helduak eta ingelesaz besteko hizkuntzak zentroaren arabera hitzartuko dira.<br \/>\n*Aurre-matrikula formulario honek EZ du bermatzen zuen lehentasunak asebetetzea.<br \/>\nMatrikula ofiziala 2025eko abuztuaren 25etik irailaren 5era bitartean egingo da.\n<\/p>\n<p>*Lekuak, aurre-matrikula ordenaren arabera esleituko dira eta NARAU-ko aurreko ikasturte-tako ikasle eta\/edo familiak lehenetsiko dira, hitzartutako epean beren matrikula berritu badute.<br \/>\n*Uztailaren lehen astetik aurrera harremanetan jarriko gara zuekin aukerako ordutegiak eta\/edo taldeak proposatzeko.<br \/>\n*Kontuan izan kasu eta\/edo adin jakin batzuetan maila azterketak egin litezkeela.<br \/>\n*Zentroaren baldintzak, prezioak, etab. jakiteko, mezu bat bidali info@narauschool.com helbidera edo whatsapp bat 648 976 470 zenbakira.\n<\/p>\n<div class=\"datos-menores\">\n\t<h3>Harremaneko datuak<br \/>\n(adingabeen kasuan, aitaren, amaren edo tutorearen datuak):\n\t<\/h3>\n\t<p class=\"titulo-bloque\">Izena eta abizenak:\n\t<\/p>\n\t<p><span class=\"wpcf7-form-control-wrap\" data-name=\"nombre-padres\"><input size=\"40\" maxlength=\"400\" class=\"wpcf7-form-control wpcf7-text wpcf7-validates-as-required\" aria-required=\"true\" aria-invalid=\"false\" value=\"\" type=\"text\" name=\"nombre-padres\" \/><\/span>\n\t<\/p>\n\t<p class=\"titulo-bloque\">Telefonoa:\n\t<\/p>\n\t<p><span class=\"wpcf7-form-control-wrap\" data-name=\"telefono-padres\"><input size=\"40\" maxlength=\"400\" class=\"wpcf7-form-control wpcf7-tel wpcf7-validates-as-required wpcf7-text wpcf7-validates-as-tel\" aria-required=\"true\" aria-invalid=\"false\" value=\"\" type=\"tel\" name=\"telefono-padres\" \/><\/span>\n\t<\/p>\n\t<p class=\"titulo-bloque\">Helbide elektronikoa:\n\t<\/p>\n\t<p><span class=\"wpcf7-form-control-wrap\" data-name=\"email-padres\"><input size=\"40\" maxlength=\"400\" class=\"wpcf7-form-control wpcf7-email wpcf7-validates-as-required wpcf7-text wpcf7-validates-as-email\" aria-required=\"true\" aria-invalid=\"false\" value=\"\" type=\"email\" name=\"email-padres\" \/><\/span>\n\t<\/p>\n\t<p class=\"titulo-bloque\">Iruzkinak:\n\t<\/p>\n\t<p><span class=\"wpcf7-form-control-wrap\" data-name=\"comentarios-padres\"><textarea cols=\"40\" rows=\"10\" maxlength=\"2000\" class=\"wpcf7-form-control wpcf7-textarea\" aria-invalid=\"false\" name=\"comentarios-padres\"><\/textarea><\/span>\n\t<\/p>\n<\/div>\n<p>Mesedez, informazio guzti hau bidali baino lehen, irakurri eta onartu gure <a href=\"https:\/\/narauschool.com\/eu\/pribatutasun-politika\" target=\"blank\">Pribatutasun Politika.<\/a>\n<\/p>\n<p><span class=\"wpcf7-form-control-wrap\" data-name=\"acceptance-67\"><span class=\"wpcf7-form-control wpcf7-acceptance\"><span class=\"wpcf7-list-item\"><input type=\"checkbox\" name=\"acceptance-67\" value=\"1\" aria-invalid=\"false\" \/><\/span><\/span><\/span> Irakurri eta onartu dut <a href=\"https:\/\/narauschool.com\/eu\/pribatutasun-politika\" target=\"blank\">Pribatutasun Politika.<\/a>\n<\/p>\n<span class=\"wpcf7-form-control-wrap recaptcha\" data-name=\"recaptcha\"><span data-sitekey=\"6Lddjo4mAAAAACPQXhSKbni-hBtQ_Rm8ZrdVMLKp\" class=\"wpcf7-form-control wpcf7-recaptcha g-recaptcha\"><\/span>\r\n<noscript>\r\n\t<div class=\"grecaptcha-noscript\">\r\n\t\t<iframe src=\"https:\/\/www.google.com\/recaptcha\/api\/fallback?k=6Lddjo4mAAAAACPQXhSKbni-hBtQ_Rm8ZrdVMLKp\" frameborder=\"0\" scrolling=\"no\" width=\"310\" height=\"430\">\r\n\t\t<\/iframe>\r\n\t\t<textarea name=\"g-recaptcha-response\" rows=\"3\" cols=\"40\" placeholder=\"reCaptcha Response Here\">\r\n\t\t<\/textarea>\r\n\t<\/div>\r\n<\/noscript>\r\n<\/span>\n<p><input class=\"wpcf7-form-control wpcf7-submit has-spinner\" type=\"submit\" value=\"Enviar\" \/>\n<\/p><div class=\"wpcf7-response-output\" aria-hidden=\"true\"><\/div>\n<\/form>\n<\/div>\n    <\/div>\n\t\t\t\t<\/div>\n\t\t\t\t<\/div>\n\t\t\t\t\t<\/div>\n\t\t<\/div>\n\t\t\t\t\t<\/div>\n\t\t<\/section>\n\t\t\t\t<section class=\"elementor-section elementor-top-section elementor-element elementor-element-8c39652 elementor-section-boxed elementor-section-height-default elementor-section-height-default parallax_section_no qode_elementor_container_no\" data-id=\"8c39652\" data-element_type=\"section\" data-e-type=\"section\">\n\t\t\t\t\t\t<div class=\"elementor-container elementor-column-gap-default\">\n\t\t\t\t\t<div class=\"elementor-column elementor-col-100 elementor-top-column elementor-element elementor-element-151b627\" data-id=\"151b627\" data-element_type=\"column\" data-e-type=\"column\">\n\t\t\t<div class=\"elementor-widget-wrap elementor-element-populated\">\n\t\t\t\t\t\t<div class=\"elementor-element elementor-element-4c64068 elementor-widget elementor-widget-spacer\" data-id=\"4c64068\" data-element_type=\"widget\" data-e-type=\"widget\" data-widget_type=\"spacer.default\">\n\t\t\t\t<div class=\"elementor-widget-container\">\n\t\t\t\t\t\t\t<div class=\"elementor-spacer\">\n\t\t\t<div class=\"elementor-spacer-inner\"><\/div>\n\t\t<\/div>\n\t\t\t\t\t\t<\/div>\n\t\t\t\t<\/div>\n\t\t\t\t\t<\/div>\n\t\t<\/div>\n\t\t\t\t\t<\/div>\n\t\t<\/section>\n\t\t\t\t<section class=\"elementor-section elementor-top-section elementor-element elementor-element-6b45fba elementor-section-boxed elementor-section-height-default elementor-section-height-default parallax_section_no qode_elementor_container_no\" data-id=\"6b45fba\" data-element_type=\"section\" data-e-type=\"section\">\n\t\t\t\t\t\t<div class=\"elementor-container elementor-column-gap-default\">\n\t\t\t\t\t<div class=\"elementor-column elementor-col-100 elementor-top-column elementor-element elementor-element-e3baf98\" data-id=\"e3baf98\" data-element_type=\"column\" data-e-type=\"column\">\n\t\t\t<div class=\"elementor-widget-wrap elementor-element-populated\">\n\t\t\t\t\t\t<div class=\"elementor-element elementor-element-a436be1 elementor-widget elementor-widget-image\" data-id=\"a436be1\" data-element_type=\"widget\" data-e-type=\"widget\" data-widget_type=\"image.default\">\n\t\t\t\t<div class=\"elementor-widget-container\">\n\t\t\t\t\t\t\t\t\t\t\t\t\t\t\t<img fetchpriority=\"high\" decoding=\"async\" width=\"1024\" height=\"225\" src=\"https:\/\/narauschool.com\/wp-content\/uploads\/2023\/06\/narau-school-academia-idiomas-orio-gipuzkoa-ingles-frances-japones-aleman-1024x225.jpg\" class=\"attachment-large size-large wp-image-2012\" alt=\"\" srcset=\"https:\/\/narauschool.com\/wp-content\/uploads\/2023\/06\/narau-school-academia-idiomas-orio-gipuzkoa-ingles-frances-japones-aleman-1024x225.jpg 1024w, https:\/\/narauschool.com\/wp-content\/uploads\/2023\/06\/narau-school-academia-idiomas-orio-gipuzkoa-ingles-frances-japones-aleman-600x132.jpg 600w, https:\/\/narauschool.com\/wp-content\/uploads\/2023\/06\/narau-school-academia-idiomas-orio-gipuzkoa-ingles-frances-japones-aleman-300x66.jpg 300w, https:\/\/narauschool.com\/wp-content\/uploads\/2023\/06\/narau-school-academia-idiomas-orio-gipuzkoa-ingles-frances-japones-aleman-768x169.jpg 768w, https:\/\/narauschool.com\/wp-content\/uploads\/2023\/06\/narau-school-academia-idiomas-orio-gipuzkoa-ingles-frances-japones-aleman-1536x338.jpg 1536w, https:\/\/narauschool.com\/wp-content\/uploads\/2023\/06\/narau-school-academia-idiomas-orio-gipuzkoa-ingles-frances-japones-aleman-700x154.jpg 700w, https:\/\/narauschool.com\/wp-content\/uploads\/2023\/06\/narau-school-academia-idiomas-orio-gipuzkoa-ingles-frances-japones-aleman.jpg 1920w\" sizes=\"(max-width: 1024px) 100vw, 1024px\" \/>\t\t\t\t\t\t\t\t\t\t\t\t\t\t\t<\/div>\n\t\t\t\t<\/div>\n\t\t\t\t\t<\/div>\n\t\t<\/div>\n\t\t\t\t\t<\/div>\n\t\t<\/section>\n\t\t\t\t<\/div>\n\t\t","protected":false},"excerpt":{"rendered":"<p>Matrikula Eskaera 2025-2026 ikasturtea (2025\/09\/08-2025\/06\/19) \u2022 Nombre y apellidos del alumno: \u2022 Fecha de nacimiento del alumno: \u2022 Idioma: Ingl\u00e9sFranc\u00e9sAlem\u00e1nJapon\u00e9sCastellano Refuerzo: (especificar asignatura y nivel) \u2022 Horarios preferentes (especificar d\u00edas de la semana y franjas horarias): \u2022 Para alumnos de primaria (HH-LH): \u00bfte interesar\u00eda venir&#8230;<\/p>\n","protected":false},"author":1,"featured_media":0,"parent":0,"menu_order":0,"comment_status":"closed","ping_status":"closed","template":"","meta":{"footnotes":""},"class_list":["post-3453","page","type-page","status-publish","hentry"],"aioseo_notices":[],"_links":{"self":[{"href":"https:\/\/narauschool.com\/eu\/wp-json\/wp\/v2\/pages\/3453","targetHints":{"allow":["GET"]}}],"collection":[{"href":"https:\/\/narauschool.com\/eu\/wp-json\/wp\/v2\/pages"}],"about":[{"href":"https:\/\/narauschool.com\/eu\/wp-json\/wp\/v2\/types\/page"}],"author":[{"embeddable":true,"href":"https:\/\/narauschool.com\/eu\/wp-json\/wp\/v2\/users\/1"}],"replies":[{"embeddable":true,"href":"https:\/\/narauschool.com\/eu\/wp-json\/wp\/v2\/comments?post=3453"}],"version-history":[{"count":4,"href":"https:\/\/narauschool.com\/eu\/wp-json\/wp\/v2\/pages\/3453\/revisions"}],"predecessor-version":[{"id":3457,"href":"https:\/\/narauschool.com\/eu\/wp-json\/wp\/v2\/pages\/3453\/revisions\/3457"}],"wp:attachment":[{"href":"https:\/\/narauschool.com\/eu\/wp-json\/wp\/v2\/media?parent=3453"}],"curies":[{"name":"wp","href":"https:\/\/api.w.org\/{rel}","templated":true}]}}