{"id":2368,"date":"2023-06-09T19:42:07","date_gmt":"2023-06-09T19:42:07","guid":{"rendered":"https:\/\/narauschool.com\/frantsesa"},"modified":"2023-09-28T09:20:30","modified_gmt":"2023-09-28T09:20:30","slug":"frantsesa","status":"publish","type":"page","link":"https:\/\/narauschool.com\/eu\/frantsesa","title":{"rendered":"Frantsesa"},"content":{"rendered":"\t\t<div data-elementor-type=\"wp-page\" data-elementor-id=\"2368\" class=\"elementor elementor-2368 elementor-404\" data-elementor-post-type=\"page\">\n\t\t\t\t\t\t<section class=\"elementor-section elementor-top-section elementor-element elementor-element-da5265a elementor-section-boxed elementor-section-height-default elementor-section-height-default parallax_section_no qode_elementor_container_no\" data-id=\"da5265a\" data-element_type=\"section\" data-e-type=\"section\">\n\t\t\t\t\t\t<div class=\"elementor-container elementor-column-gap-default\">\n\t\t\t\t\t<div class=\"elementor-column elementor-col-100 elementor-top-column elementor-element elementor-element-491d844\" data-id=\"491d844\" data-element_type=\"column\" data-e-type=\"column\">\n\t\t\t<div class=\"elementor-widget-wrap elementor-element-populated\">\n\t\t\t\t\t\t<div class=\"elementor-element elementor-element-a059c43 elementor-invisible elementor-widget elementor-widget-image\" data-id=\"a059c43\" data-element_type=\"widget\" data-e-type=\"widget\" data-settings=\"{&quot;_animation&quot;:&quot;zoomIn&quot;}\" data-widget_type=\"image.default\">\n\t\t\t\t<div class=\"elementor-widget-container\">\n\t\t\t\t\t\t\t\t\t\t\t\t\t\t\t<img fetchpriority=\"high\" decoding=\"async\" width=\"300\" height=\"239\" src=\"https:\/\/narauschool.com\/wp-content\/uploads\/2023\/07\/clases-de-frances-cabecera-300x239.jpg\" class=\"attachment-medium size-medium wp-image-1389\" alt=\"\" srcset=\"https:\/\/narauschool.com\/wp-content\/uploads\/2023\/07\/clases-de-frances-cabecera-300x239.jpg 300w, https:\/\/narauschool.com\/wp-content\/uploads\/2023\/07\/clases-de-frances-cabecera-600x477.jpg 600w, https:\/\/narauschool.com\/wp-content\/uploads\/2023\/07\/clases-de-frances-cabecera-768x611.jpg 768w, https:\/\/narauschool.com\/wp-content\/uploads\/2023\/07\/clases-de-frances-cabecera-700x557.jpg 700w, https:\/\/narauschool.com\/wp-content\/uploads\/2023\/07\/clases-de-frances-cabecera.jpg 938w\" sizes=\"(max-width: 300px) 100vw, 300px\" \/>\t\t\t\t\t\t\t\t\t\t\t\t\t\t\t<\/div>\n\t\t\t\t<\/div>\n\t\t\t\t\t<\/div>\n\t\t<\/div>\n\t\t\t\t\t<\/div>\n\t\t<\/section>\n\t\t\t\t<section class=\"elementor-section elementor-top-section elementor-element elementor-element-01560f9 elementor-section-boxed elementor-section-height-default elementor-section-height-default parallax_section_no qode_elementor_container_no\" data-id=\"01560f9\" data-element_type=\"section\" data-e-type=\"section\">\n\t\t\t\t\t\t<div class=\"elementor-container elementor-column-gap-default\">\n\t\t\t\t\t<div class=\"elementor-column elementor-col-100 elementor-top-column elementor-element elementor-element-2b95b93\" data-id=\"2b95b93\" data-element_type=\"column\" data-e-type=\"column\">\n\t\t\t<div class=\"elementor-widget-wrap elementor-element-populated\">\n\t\t\t\t\t\t<div class=\"elementor-element elementor-element-0e3a6a1 elementor-invisible elementor-widget elementor-widget-heading\" data-id=\"0e3a6a1\" data-element_type=\"widget\" data-e-type=\"widget\" data-settings=\"{&quot;_animation&quot;:&quot;rubberBand&quot;}\" data-widget_type=\"heading.default\">\n\t\t\t\t<div class=\"elementor-widget-container\">\n\t\t\t\t\t<h1 class=\"elementor-heading-title elementor-size-default\">FRANTSESEKO KLASEAK NARAU SCHOOLEN<\/h1>\t\t\t\t<\/div>\n\t\t\t\t<\/div>\n\t\t\t\t\t<\/div>\n\t\t<\/div>\n\t\t\t\t\t<\/div>\n\t\t<\/section>\n\t\t\t\t<section class=\"elementor-section elementor-top-section elementor-element elementor-element-6848308 elementor-section-boxed elementor-section-height-default elementor-section-height-default parallax_section_no qode_elementor_container_no\" data-id=\"6848308\" data-element_type=\"section\" data-e-type=\"section\">\n\t\t\t\t\t\t<div class=\"elementor-container elementor-column-gap-default\">\n\t\t\t\t\t<div class=\"elementor-column elementor-col-100 elementor-top-column elementor-element elementor-element-0255125\" data-id=\"0255125\" data-element_type=\"column\" data-e-type=\"column\">\n\t\t\t<div class=\"elementor-widget-wrap elementor-element-populated\">\n\t\t\t\t\t\t<div class=\"elementor-element elementor-element-35063b6 elementor-widget elementor-widget-spacer\" data-id=\"35063b6\" data-element_type=\"widget\" data-e-type=\"widget\" data-widget_type=\"spacer.default\">\n\t\t\t\t<div class=\"elementor-widget-container\">\n\t\t\t\t\t\t\t<div class=\"elementor-spacer\">\n\t\t\t<div class=\"elementor-spacer-inner\"><\/div>\n\t\t<\/div>\n\t\t\t\t\t\t<\/div>\n\t\t\t\t<\/div>\n\t\t\t\t\t<\/div>\n\t\t<\/div>\n\t\t\t\t\t<\/div>\n\t\t<\/section>\n\t\t\t\t<section class=\"elementor-section elementor-top-section elementor-element elementor-element-90611c0 elementor-section-boxed elementor-section-height-default elementor-section-height-default parallax_section_no qode_elementor_container_no\" data-id=\"90611c0\" data-element_type=\"section\" data-e-type=\"section\">\n\t\t\t\t\t\t<div class=\"elementor-container elementor-column-gap-default\">\n\t\t\t\t\t<div class=\"elementor-column elementor-col-50 elementor-top-column elementor-element elementor-element-45693bc\" data-id=\"45693bc\" data-element_type=\"column\" data-e-type=\"column\">\n\t\t\t<div class=\"elementor-widget-wrap elementor-element-populated\">\n\t\t\t\t\t\t<div class=\"elementor-element elementor-element-bef99d6 elementor-invisible elementor-widget elementor-widget-image\" data-id=\"bef99d6\" data-element_type=\"widget\" data-e-type=\"widget\" data-settings=\"{&quot;_animation&quot;:&quot;fadeInLeft&quot;}\" data-widget_type=\"image.default\">\n\t\t\t\t<div class=\"elementor-widget-container\">\n\t\t\t\t\t\t\t\t\t\t\t\t\t\t\t<img decoding=\"async\" width=\"1024\" height=\"665\" src=\"https:\/\/narauschool.com\/wp-content\/uploads\/2023\/07\/paris-1024x665.jpg\" class=\"attachment-large size-large wp-image-1400\" alt=\"\" srcset=\"https:\/\/narauschool.com\/wp-content\/uploads\/2023\/07\/paris-1024x665.jpg 1024w, https:\/\/narauschool.com\/wp-content\/uploads\/2023\/07\/paris-600x390.jpg 600w, https:\/\/narauschool.com\/wp-content\/uploads\/2023\/07\/paris-300x195.jpg 300w, https:\/\/narauschool.com\/wp-content\/uploads\/2023\/07\/paris-768x499.jpg 768w, https:\/\/narauschool.com\/wp-content\/uploads\/2023\/07\/paris-400x260.jpg 400w, https:\/\/narauschool.com\/wp-content\/uploads\/2023\/07\/paris-700x454.jpg 700w, https:\/\/narauschool.com\/wp-content\/uploads\/2023\/07\/paris.jpg 1300w\" sizes=\"(max-width: 1024px) 100vw, 1024px\" \/>\t\t\t\t\t\t\t\t\t\t\t\t\t\t\t<\/div>\n\t\t\t\t<\/div>\n\t\t\t\t\t<\/div>\n\t\t<\/div>\n\t\t\t\t<div class=\"elementor-column elementor-col-50 elementor-top-column elementor-element elementor-element-ca39a2e\" data-id=\"ca39a2e\" data-element_type=\"column\" data-e-type=\"column\">\n\t\t\t<div class=\"elementor-widget-wrap elementor-element-populated\">\n\t\t\t\t\t\t<div class=\"elementor-element elementor-element-f0bea7a elementor-invisible elementor-widget elementor-widget-text-editor\" data-id=\"f0bea7a\" data-element_type=\"widget\" data-e-type=\"widget\" data-settings=\"{&quot;_animation&quot;:&quot;fadeInRight&quot;}\" data-widget_type=\"text-editor.default\">\n\t\t\t\t<div class=\"elementor-widget-container\">\n\t\t\t\t\t\t\t\t\t<p>Kultura frankofonoa ezagutu ezazu Moli\u00e8ren hizkuntza-munduan murgiltzen zaren bitartean. <strong>Gure klaseak atsegin handiz eta estimuluz beteriko esperientzia izateko antolatuta daude.<\/strong><\/p>\n<\/p>\n<p>NARAU SCHOOLen frantsesa menderatzeko eta ofizialki <strong>edozein testuingurutan komunikatzeko baliagarria<\/strong> izan zaizun lan egiten dugu. <\/p>\n<\/p>\n<p>Gainera, aldamenean dugun herrialde honen kultura aberatsa ezagutzeak <strong>artearen, literaturaren eta gastronomiaren ikuspegi paregabe bat emango dizu.<\/strong> Etor zaitez gurekin eta frantsesaren edertasuna nabarmendu ezazu aukera akademiko eta profesionalez beteriko mundu berri honetan sartuz.<\/p>\n\t\t\t\t\t\t\t\t<\/div>\n\t\t\t\t<\/div>\n\t\t\t\t\t<\/div>\n\t\t<\/div>\n\t\t\t\t\t<\/div>\n\t\t<\/section>\n\t\t\t\t<section class=\"elementor-section elementor-top-section elementor-element elementor-element-c173bbb elementor-section-boxed elementor-section-height-default elementor-section-height-default parallax_section_no qode_elementor_container_no\" data-id=\"c173bbb\" data-element_type=\"section\" data-e-type=\"section\">\n\t\t\t\t\t\t<div class=\"elementor-container elementor-column-gap-default\">\n\t\t\t\t\t<div class=\"elementor-column elementor-col-100 elementor-top-column elementor-element elementor-element-f2123ea\" data-id=\"f2123ea\" data-element_type=\"column\" data-e-type=\"column\">\n\t\t\t<div class=\"elementor-widget-wrap elementor-element-populated\">\n\t\t\t\t\t\t<div class=\"elementor-element elementor-element-3ede0bf elementor-widget elementor-widget-spacer\" data-id=\"3ede0bf\" data-element_type=\"widget\" data-e-type=\"widget\" data-widget_type=\"spacer.default\">\n\t\t\t\t<div class=\"elementor-widget-container\">\n\t\t\t\t\t\t\t<div class=\"elementor-spacer\">\n\t\t\t<div class=\"elementor-spacer-inner\"><\/div>\n\t\t<\/div>\n\t\t\t\t\t\t<\/div>\n\t\t\t\t<\/div>\n\t\t\t\t\t<\/div>\n\t\t<\/div>\n\t\t\t\t\t<\/div>\n\t\t<\/section>\n\t\t\t\t<section class=\"elementor-section elementor-top-section elementor-element elementor-element-ee644d8 elementor-section-boxed elementor-section-height-default elementor-section-height-default parallax_section_no qode_elementor_container_no\" data-id=\"ee644d8\" data-element_type=\"section\" data-e-type=\"section\">\n\t\t\t\t\t\t<div class=\"elementor-container elementor-column-gap-default\">\n\t\t\t\t\t<div class=\"elementor-column elementor-col-100 elementor-top-column elementor-element elementor-element-7780f80\" data-id=\"7780f80\" data-element_type=\"column\" data-e-type=\"column\">\n\t\t\t<div class=\"elementor-widget-wrap elementor-element-populated\">\n\t\t\t\t\t\t<div class=\"elementor-element elementor-element-7e987cb elementor-invisible elementor-widget elementor-widget-text-editor\" data-id=\"7e987cb\" data-element_type=\"widget\" data-e-type=\"widget\" data-settings=\"{&quot;_animation&quot;:&quot;zoomIn&quot;}\" data-widget_type=\"text-editor.default\">\n\t\t\t\t<div class=\"elementor-widget-container\">\n\t\t\t\t\t\t\t\t\t<h3 style=\"text-align: center;\"><span style=\"color: #70d34b;\">Frantseseko zein azterketa edo froga prestatzeko laguntza behar duzu?<\/span><\/h3>\n\t\t\t\t\t\t\t\t<\/div>\n\t\t\t\t<\/div>\n\t\t\t\t\t<\/div>\n\t\t<\/div>\n\t\t\t\t\t<\/div>\n\t\t<\/section>\n\t\t\t\t<section class=\"elementor-section elementor-top-section elementor-element elementor-element-2583146 elementor-section-boxed elementor-section-height-default elementor-section-height-default parallax_section_no qode_elementor_container_no\" data-id=\"2583146\" data-element_type=\"section\" data-e-type=\"section\">\n\t\t\t\t\t\t<div class=\"elementor-container elementor-column-gap-default\">\n\t\t\t\t\t<div class=\"elementor-column elementor-col-100 elementor-top-column elementor-element elementor-element-12ed7f4\" data-id=\"12ed7f4\" data-element_type=\"column\" data-e-type=\"column\">\n\t\t\t<div class=\"elementor-widget-wrap elementor-element-populated\">\n\t\t\t\t\t\t<div class=\"elementor-element elementor-element-843b397 elementor-invisible elementor-widget elementor-widget-bridge_expendable_section\" data-id=\"843b397\" data-element_type=\"widget\" data-e-type=\"widget\" data-settings=\"{&quot;_animation&quot;:&quot;bounce&quot;}\" data-widget_type=\"bridge_expendable_section.default\">\n\t\t\t\t<div class=\"elementor-widget-container\">\n\t\t\t\t\t<div data-q_id=\"#\" data-q_header_style=\"\" class=\"qode-expendable-section-holder\">\r\n    <div class=\"more_facts_holder\" style=\"background-color: \">\r\n        <div class=\"more_facts_button_holder center\">\r\n            <span class=\"more_facts_button\" data-color=\"\" data-hovercolor=\"\" data-morefacts=\"AZTERKETA GUZTIAK IKUSI\" data-lessfacts=\"GUTXIAGO IKUSI\" style=\"color: \">\r\n                <span class=\"more_facts_button_text\">AZTERKETA GUZTIAK IKUSI<\/span>\r\n                <span class=\"more_facts_button_arrow\">\r\n                    <i class=\"fa fa-angle-down\"><\/i>\r\n                <\/span>\r\n            <\/span>\r\n        <\/div>\r\n        <div class=\"more_facts_outer\">\r\n            <div class=\"more_facts_inner_holder\">\r\n                <div class=\"more_facts_inner\" data-expandable_content_top_padding=\"70\" style=\"padding-top: 70px\">\r\n                    <p><span style=\"color: #000000;\"><strong>DELF (Dipl\u00f4me d \u2018\u00e9tudes en langue fran\u00e7aise) eta DALF (Dipl\u00f4me approfondi de langue fran\u00e7aise)<\/strong> frantsesezko nazioarteko diploma ofizialak dira, Frantziako Hezkuntza Nazionaleko Ministerioak emanak eta, mundu mailan, Paris ondoan dagoen S\u00e8vresen kokatutako<\/span><\/p><p> <\/p><p><span style=\"color: #000000;\"><strong>France Education Internationalek kudeatuak. DELFek eta DALFek 6 diploma independente dituzte, Hizkuntzetarako Europako Erreferentzia Esparru Bateratuarekin harmonizatuak (HEEEB). <\/strong>Proba guztiak HEEEBek definitutako ekintzaren ikuspegia jarraituz egiten dira, eta lau hizkuntza-trebetasunen ezagutza ebaluatzen dute.<\/span><\/p><p> <\/p><p><span style=\"color: #000000;\"><strong>Diploma hauek nazioartean aintzatesten dira. Frantses maila ofizialki aitortu nahi duten<\/strong> frantziar nazionalitatea ez duten pertsonen gaitasunak baloratzeko aukera ematen dute, maila akademikoan zein profesionalean. DELF eta DALF ziurtagiriak munduko 1.000 azterketa zentro ofizialetan baino gehiagotan eskaintzen dira, 173 herrialdetan banatuta.<\/span><\/p><p> <\/p><p><span style=\"color: #000000;\"><strong>Curriculum bat osatzeko aukera ematen duten<\/strong> ziurtagiri hauek gero eta ezagunagoak eta aintzatetsiagoak dira administrazioetan, enpresetan eta hezkuntza-erakundeetan.<\/span><\/p><p> <\/p><p><span style=\"color: #000000;\">Espainiako Unibertsitateetako Errektoreen Konferentziak <strong>DELF-DALF diplomak aitortzen ditu.<\/strong><\/span><\/p><p> <\/p><p><span style=\"color: #000000;\"><strong>B1 maila egiaztatzeak<\/strong> autonomia-erkidego gehienetan graduko unibertsitate-titulua baliozkotzeko aukera ematen du. <strong>B2 maila, berriz, gutxieneko baldintza da Erasmus beka lortzeko.<\/strong><\/span><\/p><p> <\/p><p><span style=\"color: #000000;\">DELF B2 edo DALF Frantziako unibertsitateetarako sarbide zuzena dira, eta baita Europako eta herrialde frankofonoetako unibertsitate askotarako ere. Frantziako goi-mailako irakaskuntza zentro batean sartzeko eskaera egiterakoan <strong>DELF B2 titulua dutenek<\/strong> ez dute <em>hizkuntza azterketarik egin behar Frantziako unibertsitateetan sartzeko.<\/em><\/span><\/p><p> <\/p><p><span style=\"color: #000000;\"><strong>DELFek balio iraunkorra dute.<\/strong><\/span><\/p><p> <\/p><p><span style=\"color: #000000;\"><strong>Diploma independenteak dira:<\/strong> hautagai bat zuzenean aurkeztu daiteke bere frantses-mailari dagokion probara. <strong>DELFen bertsio guztiek<\/strong> (publiko guztientzat, juniorrentzat, eskolakoentzat, lehen hezkuntzakoentzat, profesionalentzat) <strong>balio bera eta abantaila berberak dituzte.<\/strong><\/span><\/p><p> <\/p><p><span style=\"color: #000000;\"><strong>Azterketa gainditzeko, puntuen % 50 lortu behar da.<\/strong> Trebetasunetako batean nota altuago batek nota baxuago bat konpentsatu dezake, baina trebetasunetako batean 25etik 5 puntu baina gutxiago lortzea kanporatzailea da.<\/span><\/p>                <\/div>\r\n            <\/div>\r\n        <\/div>\r\n    <\/div>\r\n<\/div>\t\t\t\t<\/div>\n\t\t\t\t<\/div>\n\t\t\t\t\t<\/div>\n\t\t<\/div>\n\t\t\t\t\t<\/div>\n\t\t<\/section>\n\t\t\t\t<section class=\"elementor-section elementor-top-section elementor-element elementor-element-907d704 elementor-section-boxed elementor-section-height-default elementor-section-height-default parallax_section_no qode_elementor_container_no\" data-id=\"907d704\" data-element_type=\"section\" data-e-type=\"section\">\n\t\t\t\t\t\t<div class=\"elementor-container elementor-column-gap-default\">\n\t\t\t\t\t<div class=\"elementor-column elementor-col-100 elementor-top-column elementor-element elementor-element-fafb812\" data-id=\"fafb812\" data-element_type=\"column\" data-e-type=\"column\">\n\t\t\t<div class=\"elementor-widget-wrap elementor-element-populated\">\n\t\t\t\t\t\t<div class=\"elementor-element elementor-element-988ee8b elementor-widget elementor-widget-spacer\" data-id=\"988ee8b\" data-element_type=\"widget\" data-e-type=\"widget\" data-widget_type=\"spacer.default\">\n\t\t\t\t<div class=\"elementor-widget-container\">\n\t\t\t\t\t\t\t<div class=\"elementor-spacer\">\n\t\t\t<div class=\"elementor-spacer-inner\"><\/div>\n\t\t<\/div>\n\t\t\t\t\t\t<\/div>\n\t\t\t\t<\/div>\n\t\t\t\t\t<\/div>\n\t\t<\/div>\n\t\t\t\t\t<\/div>\n\t\t<\/section>\n\t\t\t\t<section class=\"elementor-section elementor-top-section elementor-element elementor-element-c24d476 elementor-section-boxed elementor-section-height-default elementor-section-height-default parallax_section_no qode_elementor_container_no\" data-id=\"c24d476\" data-element_type=\"section\" data-e-type=\"section\">\n\t\t\t\t\t\t<div class=\"elementor-container elementor-column-gap-default\">\n\t\t\t\t\t<div class=\"elementor-column elementor-col-100 elementor-top-column elementor-element elementor-element-8409643\" data-id=\"8409643\" data-element_type=\"column\" data-e-type=\"column\">\n\t\t\t<div class=\"elementor-widget-wrap elementor-element-populated\">\n\t\t\t\t\t\t<div class=\"elementor-element elementor-element-5c1a14a elementor-widget elementor-widget-image\" data-id=\"5c1a14a\" data-element_type=\"widget\" data-e-type=\"widget\" data-widget_type=\"image.default\">\n\t\t\t\t<div class=\"elementor-widget-container\">\n\t\t\t\t\t\t\t\t\t\t\t\t\t\t\t<img decoding=\"async\" width=\"1024\" height=\"225\" src=\"https:\/\/narauschool.com\/wp-content\/uploads\/2023\/06\/narau-school-academia-idiomas-orio-gipuzkoa-ingles-frances-japones-aleman-1024x225.jpg\" class=\"attachment-large size-large wp-image-574\" alt=\"\" srcset=\"https:\/\/narauschool.com\/wp-content\/uploads\/2023\/06\/narau-school-academia-idiomas-orio-gipuzkoa-ingles-frances-japones-aleman-1024x225.jpg 1024w, https:\/\/narauschool.com\/wp-content\/uploads\/2023\/06\/narau-school-academia-idiomas-orio-gipuzkoa-ingles-frances-japones-aleman-600x132.jpg 600w, https:\/\/narauschool.com\/wp-content\/uploads\/2023\/06\/narau-school-academia-idiomas-orio-gipuzkoa-ingles-frances-japones-aleman-300x66.jpg 300w, https:\/\/narauschool.com\/wp-content\/uploads\/2023\/06\/narau-school-academia-idiomas-orio-gipuzkoa-ingles-frances-japones-aleman-768x169.jpg 768w, https:\/\/narauschool.com\/wp-content\/uploads\/2023\/06\/narau-school-academia-idiomas-orio-gipuzkoa-ingles-frances-japones-aleman-1536x338.jpg 1536w, https:\/\/narauschool.com\/wp-content\/uploads\/2023\/06\/narau-school-academia-idiomas-orio-gipuzkoa-ingles-frances-japones-aleman-700x154.jpg 700w, https:\/\/narauschool.com\/wp-content\/uploads\/2023\/06\/narau-school-academia-idiomas-orio-gipuzkoa-ingles-frances-japones-aleman.jpg 1920w\" sizes=\"(max-width: 1024px) 100vw, 1024px\" \/>\t\t\t\t\t\t\t\t\t\t\t\t\t\t\t<\/div>\n\t\t\t\t<\/div>\n\t\t\t\t\t<\/div>\n\t\t<\/div>\n\t\t\t\t\t<\/div>\n\t\t<\/section>\n\t\t\t\t<\/div>\n\t\t","protected":false},"excerpt":{"rendered":"<p>FRANTSESEKO KLASEAK NARAU SCHOOLEN Kultura frankofonoa ezagutu ezazu Moli\u00e8ren hizkuntza-munduan murgiltzen zaren bitartean. Gure klaseak atsegin handiz eta estimuluz beteriko esperientzia izateko antolatuta daude. NARAU SCHOOLen frantsesa menderatzeko eta ofizialki edozein testuingurutan komunikatzeko baliagarria izan zaizun lan egiten dugu. Gainera, aldamenean dugun herrialde honen kultura&#8230;<\/p>\n","protected":false},"author":1,"featured_media":0,"parent":0,"menu_order":0,"comment_status":"closed","ping_status":"closed","template":"","meta":{"footnotes":""},"class_list":["post-2368","page","type-page","status-publish","hentry"],"aioseo_notices":[],"_links":{"self":[{"href":"https:\/\/narauschool.com\/eu\/wp-json\/wp\/v2\/pages\/2368","targetHints":{"allow":["GET"]}}],"collection":[{"href":"https:\/\/narauschool.com\/eu\/wp-json\/wp\/v2\/pages"}],"about":[{"href":"https:\/\/narauschool.com\/eu\/wp-json\/wp\/v2\/types\/page"}],"author":[{"embeddable":true,"href":"https:\/\/narauschool.com\/eu\/wp-json\/wp\/v2\/users\/1"}],"replies":[{"embeddable":true,"href":"https:\/\/narauschool.com\/eu\/wp-json\/wp\/v2\/comments?post=2368"}],"version-history":[{"count":1,"href":"https:\/\/narauschool.com\/eu\/wp-json\/wp\/v2\/pages\/2368\/revisions"}],"predecessor-version":[{"id":2369,"href":"https:\/\/narauschool.com\/eu\/wp-json\/wp\/v2\/pages\/2368\/revisions\/2369"}],"wp:attachment":[{"href":"https:\/\/narauschool.com\/eu\/wp-json\/wp\/v2\/media?parent=2368"}],"curies":[{"name":"wp","href":"https:\/\/api.w.org\/{rel}","templated":true}]}}