{"id":2229,"date":"2023-06-09T18:36:44","date_gmt":"2023-06-09T18:36:44","guid":{"rendered":"https:\/\/narauschool.com\/cambridge-exams"},"modified":"2023-11-15T15:35:47","modified_gmt":"2023-11-15T15:35:47","slug":"cambridge-exams","status":"publish","type":"page","link":"https:\/\/narauschool.com\/en\/cambridge-exams","title":{"rendered":"Cambridge Exams"},"content":{"rendered":"\t\t<div data-elementor-type=\"wp-page\" data-elementor-id=\"2229\" class=\"elementor elementor-2229 elementor-28\" data-elementor-post-type=\"page\">\n\t\t\t\t\t\t<section style=\"background-image: url(https:\/\/narauschool.com\/wp-content\/uploads\/2023\/07\/examenes-de-cambridge.jpg);\" class=\"parallax_section_holder elementor-section elementor-top-section elementor-element elementor-element-2079c61 elementor-section-stretched parallax_section_holder elementor-section-boxed elementor-section-height-default elementor-section-height-default qode_elementor_container_no\" data-speed=\"0\" data-id=\"2079c61\" data-element_type=\"section\" data-e-type=\"section\" data-settings=\"{&quot;stretch_section&quot;:&quot;section-stretched&quot;,&quot;qode_parallax_image&quot;:{&quot;url&quot;:&quot;https:\\\/\\\/narauschool.com\\\/wp-content\\\/uploads\\\/2023\\\/07\\\/examenes-de-cambridge.jpg&quot;,&quot;id&quot;:1531,&quot;size&quot;:&quot;&quot;,&quot;alt&quot;:&quot;&quot;,&quot;source&quot;:&quot;library&quot;}}\">\n\t\t\t\t\t\t<div class=\"elementor-container elementor-column-gap-default\">\n\t\t\t\t\t<div class=\"elementor-column elementor-col-100 elementor-top-column elementor-element elementor-element-546819d\" data-id=\"546819d\" data-element_type=\"column\" data-e-type=\"column\">\n\t\t\t<div class=\"elementor-widget-wrap elementor-element-populated\">\n\t\t\t\t\t\t<div class=\"elementor-element elementor-element-51b1046 elementor-invisible elementor-widget elementor-widget-image\" data-id=\"51b1046\" data-element_type=\"widget\" data-e-type=\"widget\" data-settings=\"{&quot;_animation&quot;:&quot;zoomIn&quot;}\" data-widget_type=\"image.default\">\n\t\t\t\t<div class=\"elementor-widget-container\">\n\t\t\t\t\t\t\t\t\t\t\t\t\t\t\t<img fetchpriority=\"high\" decoding=\"async\" width=\"500\" height=\"200\" src=\"https:\/\/narauschool.com\/wp-content\/uploads\/2023\/09\/cambridge-exams.png\" class=\"attachment-medium_large size-medium_large wp-image-2270\" alt=\"\" srcset=\"https:\/\/narauschool.com\/wp-content\/uploads\/2023\/09\/cambridge-exams.png 500w, https:\/\/narauschool.com\/wp-content\/uploads\/2023\/09\/cambridge-exams-300x120.png 300w\" sizes=\"(max-width: 500px) 100vw, 500px\" \/>\t\t\t\t\t\t\t\t\t\t\t\t\t\t\t<\/div>\n\t\t\t\t<\/div>\n\t\t\t\t\t<\/div>\n\t\t<\/div>\n\t\t\t\t\t<\/div>\n\t\t<\/section>\n\t\t\t\t<section class=\"elementor-section elementor-top-section elementor-element elementor-element-6fa86d51 elementor-section-boxed elementor-section-height-default elementor-section-height-default parallax_section_no qode_elementor_container_no\" data-id=\"6fa86d51\" data-element_type=\"section\" data-e-type=\"section\">\n\t\t\t\t\t\t<div class=\"elementor-container elementor-column-gap-default\">\n\t\t\t\t\t<div class=\"elementor-column elementor-col-100 elementor-top-column elementor-element elementor-element-19fd22da\" data-id=\"19fd22da\" data-element_type=\"column\" data-e-type=\"column\">\n\t\t\t<div class=\"elementor-widget-wrap elementor-element-populated\">\n\t\t\t\t\t\t<div class=\"elementor-element elementor-element-51527c6 elementor-widget elementor-widget-spacer\" data-id=\"51527c6\" data-element_type=\"widget\" data-e-type=\"widget\" data-widget_type=\"spacer.default\">\n\t\t\t\t<div class=\"elementor-widget-container\">\n\t\t\t\t\t\t\t<div class=\"elementor-spacer\">\n\t\t\t<div class=\"elementor-spacer-inner\"><\/div>\n\t\t<\/div>\n\t\t\t\t\t\t<\/div>\n\t\t\t\t<\/div>\n\t\t\t\t\t<\/div>\n\t\t<\/div>\n\t\t\t\t\t<\/div>\n\t\t<\/section>\n\t\t\t\t<section class=\"elementor-section elementor-top-section elementor-element elementor-element-b654a3e elementor-section-boxed elementor-section-height-default elementor-section-height-default parallax_section_no qode_elementor_container_no\" data-id=\"b654a3e\" data-element_type=\"section\" data-e-type=\"section\">\n\t\t\t\t\t\t<div class=\"elementor-container elementor-column-gap-default\">\n\t\t\t\t\t<div class=\"elementor-column elementor-col-50 elementor-top-column elementor-element elementor-element-a2f90aa\" data-id=\"a2f90aa\" data-element_type=\"column\" data-e-type=\"column\">\n\t\t\t<div class=\"elementor-widget-wrap elementor-element-populated\">\n\t\t\t\t\t\t<div class=\"elementor-element elementor-element-29c2a34 elementor-invisible elementor-widget elementor-widget-image\" data-id=\"29c2a34\" data-element_type=\"widget\" data-e-type=\"widget\" data-settings=\"{&quot;_animation&quot;:&quot;fadeInLeft&quot;}\" data-widget_type=\"image.default\">\n\t\t\t\t<div class=\"elementor-widget-container\">\n\t\t\t\t\t\t\t\t\t\t\t\t\t\t\t<img decoding=\"async\" width=\"1024\" height=\"657\" src=\"https:\/\/narauschool.com\/wp-content\/uploads\/2023\/07\/CAMBRIDGE-UNI-1024x657.jpg\" class=\"attachment-large size-large wp-image-2175\" alt=\"\" srcset=\"https:\/\/narauschool.com\/wp-content\/uploads\/2023\/07\/CAMBRIDGE-UNI-1024x657.jpg 1024w, https:\/\/narauschool.com\/wp-content\/uploads\/2023\/07\/CAMBRIDGE-UNI-600x385.jpg 600w, https:\/\/narauschool.com\/wp-content\/uploads\/2023\/07\/CAMBRIDGE-UNI-300x192.jpg 300w, https:\/\/narauschool.com\/wp-content\/uploads\/2023\/07\/CAMBRIDGE-UNI-768x492.jpg 768w, https:\/\/narauschool.com\/wp-content\/uploads\/2023\/07\/CAMBRIDGE-UNI-1536x985.jpg 1536w, https:\/\/narauschool.com\/wp-content\/uploads\/2023\/07\/CAMBRIDGE-UNI-700x449.jpg 700w, https:\/\/narauschool.com\/wp-content\/uploads\/2023\/07\/CAMBRIDGE-UNI.jpg 1547w\" sizes=\"(max-width: 1024px) 100vw, 1024px\" \/>\t\t\t\t\t\t\t\t\t\t\t\t\t\t\t<\/div>\n\t\t\t\t<\/div>\n\t\t\t\t\t<\/div>\n\t\t<\/div>\n\t\t\t\t<div class=\"elementor-column elementor-col-50 elementor-top-column elementor-element elementor-element-8b39771\" data-id=\"8b39771\" data-element_type=\"column\" data-e-type=\"column\">\n\t\t\t<div class=\"elementor-widget-wrap elementor-element-populated\">\n\t\t\t\t\t\t<div class=\"elementor-element elementor-element-33c103cd elementor-invisible elementor-widget elementor-widget-text-editor\" data-id=\"33c103cd\" data-element_type=\"widget\" data-e-type=\"widget\" data-settings=\"{&quot;_animation&quot;:&quot;fadeInRight&quot;}\" data-widget_type=\"text-editor.default\">\n\t\t\t\t<div class=\"elementor-widget-container\">\n\t\t\t\t\t\t\t\t\t<p><strong>NARAU SCHOOL is an Official Preparation Centre for Cambridge Exams<\/strong>, and, as such, our academy is authorized by <strong>Cambridge Assessment English<\/strong>, a division of the University of Cambridge, to impart courses and prepare students for the English exams from this university.<\/p>\n<p><br><strong>Cambridge Assessment English ofrece una amplia gama de ex\u00e1menes reconocidos internacionalmente<\/strong>, que eval\u00faan las habilidades de los estudiantes en las \u00e1reas de comprensi\u00f3n auditiva, expresi\u00f3n oral, comprensi\u00f3n de lectura y expresi\u00f3n escrita.<\/p>\t\t\t\t\t\t\t\t<\/div>\n\t\t\t\t<\/div>\n\t\t\t\t\t<\/div>\n\t\t<\/div>\n\t\t\t\t\t<\/div>\n\t\t<\/section>\n\t\t\t\t<section class=\"elementor-section elementor-top-section elementor-element elementor-element-ede2d61 elementor-section-boxed elementor-section-height-default elementor-section-height-default parallax_section_no qode_elementor_container_no\" data-id=\"ede2d61\" data-element_type=\"section\" data-e-type=\"section\">\n\t\t\t\t\t\t<div class=\"elementor-container elementor-column-gap-default\">\n\t\t\t\t\t<div class=\"elementor-column elementor-col-100 elementor-top-column elementor-element elementor-element-900727a\" data-id=\"900727a\" data-element_type=\"column\" data-e-type=\"column\">\n\t\t\t<div class=\"elementor-widget-wrap elementor-element-populated\">\n\t\t\t\t\t\t<div class=\"elementor-element elementor-element-5358f93 elementor-widget elementor-widget-text-editor\" data-id=\"5358f93\" data-element_type=\"widget\" data-e-type=\"widget\" data-widget_type=\"text-editor.default\">\n\t\t\t\t<div class=\"elementor-widget-container\">\n\t\t\t\t\t\t\t\t\t<p><strong>NARAU SCHOOL, as a preparation centre<\/strong>, has trained teachers and appropriate resources to help you prepare for these exams. This could include study materials, practice exercises, mock exams, and personalised feedback to help you improve your linguistic abilities and reach your desired results.<\/p>\n<p><br><strong>Many students have chosen to study with us for their exams, and they can attest to our commitment to excellence.<\/strong> We\u2019ll walk with you through the exam jitters, but we\u2019ll also celebrate with you when you reach your goal! Take the next step to improve your English! <strong>We\u2019ll be there to help!<\/strong><\/p>\t\t\t\t\t\t\t\t<\/div>\n\t\t\t\t<\/div>\n\t\t\t\t\t<\/div>\n\t\t<\/div>\n\t\t\t\t\t<\/div>\n\t\t<\/section>\n\t\t\t\t<section class=\"elementor-section elementor-top-section elementor-element elementor-element-067e697 elementor-section-boxed elementor-section-height-default elementor-section-height-default parallax_section_no qode_elementor_container_no\" data-id=\"067e697\" data-element_type=\"section\" data-e-type=\"section\">\n\t\t\t\t\t\t<div class=\"elementor-container elementor-column-gap-default\">\n\t\t\t\t\t<div class=\"elementor-column elementor-col-100 elementor-top-column elementor-element elementor-element-387e2de\" data-id=\"387e2de\" data-element_type=\"column\" data-e-type=\"column\">\n\t\t\t<div class=\"elementor-widget-wrap elementor-element-populated\">\n\t\t\t\t\t\t<div class=\"elementor-element elementor-element-ec9a65a elementor-widget elementor-widget-spacer\" data-id=\"ec9a65a\" data-element_type=\"widget\" data-e-type=\"widget\" data-widget_type=\"spacer.default\">\n\t\t\t\t<div class=\"elementor-widget-container\">\n\t\t\t\t\t\t\t<div class=\"elementor-spacer\">\n\t\t\t<div class=\"elementor-spacer-inner\"><\/div>\n\t\t<\/div>\n\t\t\t\t\t\t<\/div>\n\t\t\t\t<\/div>\n\t\t\t\t\t<\/div>\n\t\t<\/div>\n\t\t\t\t\t<\/div>\n\t\t<\/section>\n\t\t\t\t<section class=\"elementor-section elementor-top-section elementor-element elementor-element-9d59e4e elementor-section-boxed elementor-section-height-default elementor-section-height-default parallax_section_no qode_elementor_container_no\" data-id=\"9d59e4e\" data-element_type=\"section\" data-e-type=\"section\">\n\t\t\t\t\t\t<div class=\"elementor-container elementor-column-gap-default\">\n\t\t\t\t\t<div class=\"elementor-column elementor-col-50 elementor-top-column elementor-element elementor-element-eae8776\" data-id=\"eae8776\" data-element_type=\"column\" data-e-type=\"column\">\n\t\t\t<div class=\"elementor-widget-wrap elementor-element-populated\">\n\t\t\t\t\t\t<div class=\"elementor-element elementor-element-faabd51 elementor-invisible elementor-widget elementor-widget-image\" data-id=\"faabd51\" data-element_type=\"widget\" data-e-type=\"widget\" data-settings=\"{&quot;_animation&quot;:&quot;fadeInLeft&quot;}\" data-widget_type=\"image.default\">\n\t\t\t\t<div class=\"elementor-widget-container\">\n\t\t\t\t\t\t\t\t\t\t\t\t\t\t\t<img decoding=\"async\" width=\"1024\" height=\"1024\" src=\"https:\/\/narauschool.com\/wp-content\/uploads\/2023\/07\/294876438_145215954824752_4038344444902081068_n-1024x1024.jpg\" class=\"attachment-large size-large wp-image-2131\" alt=\"\" srcset=\"https:\/\/narauschool.com\/wp-content\/uploads\/2023\/07\/294876438_145215954824752_4038344444902081068_n-1024x1024.jpg 1024w, https:\/\/narauschool.com\/wp-content\/uploads\/2023\/07\/294876438_145215954824752_4038344444902081068_n-300x300.jpg 300w, https:\/\/narauschool.com\/wp-content\/uploads\/2023\/07\/294876438_145215954824752_4038344444902081068_n-100x100.jpg 100w, https:\/\/narauschool.com\/wp-content\/uploads\/2023\/07\/294876438_145215954824752_4038344444902081068_n-600x600.jpg 600w, https:\/\/narauschool.com\/wp-content\/uploads\/2023\/07\/294876438_145215954824752_4038344444902081068_n-150x150.jpg 150w, https:\/\/narauschool.com\/wp-content\/uploads\/2023\/07\/294876438_145215954824752_4038344444902081068_n-768x768.jpg 768w, https:\/\/narauschool.com\/wp-content\/uploads\/2023\/07\/294876438_145215954824752_4038344444902081068_n-570x570.jpg 570w, https:\/\/narauschool.com\/wp-content\/uploads\/2023\/07\/294876438_145215954824752_4038344444902081068_n-500x500.jpg 500w, https:\/\/narauschool.com\/wp-content\/uploads\/2023\/07\/294876438_145215954824752_4038344444902081068_n-1000x1000.jpg 1000w, https:\/\/narauschool.com\/wp-content\/uploads\/2023\/07\/294876438_145215954824752_4038344444902081068_n-700x700.jpg 700w, https:\/\/narauschool.com\/wp-content\/uploads\/2023\/07\/294876438_145215954824752_4038344444902081068_n.jpg 1080w\" sizes=\"(max-width: 1024px) 100vw, 1024px\" \/>\t\t\t\t\t\t\t\t\t\t\t\t\t\t\t<\/div>\n\t\t\t\t<\/div>\n\t\t\t\t\t<\/div>\n\t\t<\/div>\n\t\t\t\t<div class=\"elementor-column elementor-col-50 elementor-top-column elementor-element elementor-element-f23401c\" data-id=\"f23401c\" data-element_type=\"column\" data-e-type=\"column\">\n\t\t\t<div class=\"elementor-widget-wrap elementor-element-populated\">\n\t\t\t\t\t\t<div class=\"elementor-element elementor-element-9d77ed2 elementor-invisible elementor-widget elementor-widget-text-editor\" data-id=\"9d77ed2\" data-element_type=\"widget\" data-e-type=\"widget\" data-settings=\"{&quot;_animation&quot;:&quot;fadeInRight&quot;}\" data-widget_type=\"text-editor.default\">\n\t\t\t\t<div class=\"elementor-widget-container\">\n\t\t\t\t\t\t\t\t\t<p>And what\u2019s more\u2026<\/p><p>\u00a0<\/p><p><strong>We are a \u201cCambridge Learning Partner\u201d.<\/strong><\/p><p>\u00a0<\/p><p>What does that mean? It means that we have:<\/p><p>\u00a0<\/p><ul><li><strong>Received recognition as a centre that fulfils the quality standards established by Cambridge Assessment English<\/strong> in terms of our facilities, staff, and pedagogical practices.<\/li><li><strong>Official Cambridge University Press materials<\/strong> to overcome your difficulties in learning English.<\/li><li><strong>Ideal preparation<\/strong> to obtain official English certificates of the highest prestige and recognition in the world.<\/li><li><strong>An educational project<\/strong> that elevates linguistic competency while contributing to emotional competencies and life skills.<\/li><li><strong>Fun activities<\/strong> to develop emotional skills at home.<\/li><li><strong>Training in materials, linguistics, and methodology<\/strong> for our staff, including preferential participation in training events offered by Cambridge.<\/li><li><strong>Support in preparing for official certificates.<\/strong><\/li><\/ul>\t\t\t\t\t\t\t\t<\/div>\n\t\t\t\t<\/div>\n\t\t\t\t\t<\/div>\n\t\t<\/div>\n\t\t\t\t\t<\/div>\n\t\t<\/section>\n\t\t\t\t<section class=\"elementor-section elementor-top-section elementor-element elementor-element-ad34561 elementor-section-boxed elementor-section-height-default elementor-section-height-default parallax_section_no qode_elementor_container_no\" data-id=\"ad34561\" data-element_type=\"section\" data-e-type=\"section\">\n\t\t\t\t\t\t<div class=\"elementor-container elementor-column-gap-default\">\n\t\t\t\t\t<div class=\"elementor-column elementor-col-100 elementor-top-column elementor-element elementor-element-cf7cbc4\" data-id=\"cf7cbc4\" data-element_type=\"column\" data-e-type=\"column\">\n\t\t\t<div class=\"elementor-widget-wrap elementor-element-populated\">\n\t\t\t\t\t\t<div class=\"elementor-element elementor-element-292cea8 elementor-invisible elementor-widget elementor-widget-bridge_button\" data-id=\"292cea8\" data-element_type=\"widget\" data-e-type=\"widget\" data-settings=\"{&quot;_animation&quot;:&quot;tada&quot;}\" data-widget_type=\"bridge_button.default\">\n\t\t\t\t<div class=\"elementor-widget-container\">\n\t\t\t\t\t<a  itemprop=\"url\" href=\"https:\/\/narauschool.com\/en\/contact-us\" target=\"_self\"  class=\"qbutton  default\" style=\"font-size: 12px; \">CONTACT US TO OBTAIN YOUR CERTIFICATE! \ud83d\ude09<\/a>\t\t\t\t<\/div>\n\t\t\t\t<\/div>\n\t\t\t\t\t<\/div>\n\t\t<\/div>\n\t\t\t\t\t<\/div>\n\t\t<\/section>\n\t\t\t\t<section class=\"elementor-section elementor-top-section elementor-element elementor-element-de19ea1 elementor-section-boxed elementor-section-height-default elementor-section-height-default parallax_section_no qode_elementor_container_no\" data-id=\"de19ea1\" data-element_type=\"section\" data-e-type=\"section\">\n\t\t\t\t\t\t<div class=\"elementor-container elementor-column-gap-default\">\n\t\t\t\t\t<div class=\"elementor-column elementor-col-100 elementor-top-column elementor-element elementor-element-0e3ba5a\" data-id=\"0e3ba5a\" data-element_type=\"column\" data-e-type=\"column\">\n\t\t\t<div class=\"elementor-widget-wrap elementor-element-populated\">\n\t\t\t\t\t\t<div class=\"elementor-element elementor-element-e2d4ff1 elementor-widget elementor-widget-spacer\" data-id=\"e2d4ff1\" data-element_type=\"widget\" data-e-type=\"widget\" data-widget_type=\"spacer.default\">\n\t\t\t\t<div class=\"elementor-widget-container\">\n\t\t\t\t\t\t\t<div class=\"elementor-spacer\">\n\t\t\t<div class=\"elementor-spacer-inner\"><\/div>\n\t\t<\/div>\n\t\t\t\t\t\t<\/div>\n\t\t\t\t<\/div>\n\t\t\t\t\t<\/div>\n\t\t<\/div>\n\t\t\t\t\t<\/div>\n\t\t<\/section>\n\t\t\t\t<section class=\"elementor-section elementor-top-section elementor-element elementor-element-86635e3 elementor-section-boxed elementor-section-height-default elementor-section-height-default parallax_section_no qode_elementor_container_no\" data-id=\"86635e3\" data-element_type=\"section\" data-e-type=\"section\">\n\t\t\t\t\t\t<div class=\"elementor-container elementor-column-gap-default\">\n\t\t\t\t\t<div class=\"elementor-column elementor-col-100 elementor-top-column elementor-element elementor-element-c23247b\" data-id=\"c23247b\" data-element_type=\"column\" data-e-type=\"column\">\n\t\t\t<div class=\"elementor-widget-wrap elementor-element-populated\">\n\t\t\t\t\t\t<div class=\"elementor-element elementor-element-ff6cffd elementor-widget elementor-widget-image\" data-id=\"ff6cffd\" data-element_type=\"widget\" data-e-type=\"widget\" data-widget_type=\"image.default\">\n\t\t\t\t<div class=\"elementor-widget-container\">\n\t\t\t\t\t\t\t\t\t\t\t\t\t\t\t<img loading=\"lazy\" decoding=\"async\" width=\"1024\" height=\"225\" src=\"https:\/\/narauschool.com\/wp-content\/uploads\/2023\/06\/narau-school-academia-idiomas-orio-gipuzkoa-ingles-frances-japones-aleman-1024x225.jpg\" class=\"attachment-large size-large wp-image-2013\" alt=\"\" srcset=\"https:\/\/narauschool.com\/wp-content\/uploads\/2023\/06\/narau-school-academia-idiomas-orio-gipuzkoa-ingles-frances-japones-aleman-1024x225.jpg 1024w, https:\/\/narauschool.com\/wp-content\/uploads\/2023\/06\/narau-school-academia-idiomas-orio-gipuzkoa-ingles-frances-japones-aleman-600x132.jpg 600w, https:\/\/narauschool.com\/wp-content\/uploads\/2023\/06\/narau-school-academia-idiomas-orio-gipuzkoa-ingles-frances-japones-aleman-300x66.jpg 300w, https:\/\/narauschool.com\/wp-content\/uploads\/2023\/06\/narau-school-academia-idiomas-orio-gipuzkoa-ingles-frances-japones-aleman-768x169.jpg 768w, https:\/\/narauschool.com\/wp-content\/uploads\/2023\/06\/narau-school-academia-idiomas-orio-gipuzkoa-ingles-frances-japones-aleman-1536x338.jpg 1536w, https:\/\/narauschool.com\/wp-content\/uploads\/2023\/06\/narau-school-academia-idiomas-orio-gipuzkoa-ingles-frances-japones-aleman-700x154.jpg 700w, https:\/\/narauschool.com\/wp-content\/uploads\/2023\/06\/narau-school-academia-idiomas-orio-gipuzkoa-ingles-frances-japones-aleman.jpg 1920w\" sizes=\"(max-width: 1024px) 100vw, 1024px\" \/>\t\t\t\t\t\t\t\t\t\t\t\t\t\t\t<\/div>\n\t\t\t\t<\/div>\n\t\t\t\t\t<\/div>\n\t\t<\/div>\n\t\t\t\t\t<\/div>\n\t\t<\/section>\n\t\t\t\t<\/div>\n\t\t","protected":false},"excerpt":{"rendered":"<p>NARAU SCHOOL is an Official Preparation Centre for Cambridge Exams, and, as such, our academy is authorized by Cambridge Assessment English, a division of the University of Cambridge, to impart courses and prepare students for the English exams from this university. Cambridge Assessment English ofrece&#8230;<\/p>\n","protected":false},"author":1,"featured_media":0,"parent":0,"menu_order":0,"comment_status":"closed","ping_status":"closed","template":"","meta":{"footnotes":""},"class_list":["post-2229","page","type-page","status-publish","hentry"],"aioseo_notices":[],"_links":{"self":[{"href":"https:\/\/narauschool.com\/en\/wp-json\/wp\/v2\/pages\/2229","targetHints":{"allow":["GET"]}}],"collection":[{"href":"https:\/\/narauschool.com\/en\/wp-json\/wp\/v2\/pages"}],"about":[{"href":"https:\/\/narauschool.com\/en\/wp-json\/wp\/v2\/types\/page"}],"author":[{"embeddable":true,"href":"https:\/\/narauschool.com\/en\/wp-json\/wp\/v2\/users\/1"}],"replies":[{"embeddable":true,"href":"https:\/\/narauschool.com\/en\/wp-json\/wp\/v2\/comments?post=2229"}],"version-history":[{"count":7,"href":"https:\/\/narauschool.com\/en\/wp-json\/wp\/v2\/pages\/2229\/revisions"}],"predecessor-version":[{"id":2520,"href":"https:\/\/narauschool.com\/en\/wp-json\/wp\/v2\/pages\/2229\/revisions\/2520"}],"wp:attachment":[{"href":"https:\/\/narauschool.com\/en\/wp-json\/wp\/v2\/media?parent=2229"}],"curies":[{"name":"wp","href":"https:\/\/api.w.org\/{rel}","templated":true}]}}