{"id":2212,"date":"2023-06-09T19:42:07","date_gmt":"2023-06-09T19:42:07","guid":{"rendered":"https:\/\/narauschool.com\/french"},"modified":"2023-09-26T14:27:06","modified_gmt":"2023-09-26T14:27:06","slug":"french","status":"publish","type":"page","link":"https:\/\/narauschool.com\/en\/french","title":{"rendered":"French"},"content":{"rendered":"\t\t<div data-elementor-type=\"wp-page\" data-elementor-id=\"2212\" class=\"elementor elementor-2212 elementor-404\" data-elementor-post-type=\"page\">\n\t\t\t\t\t\t<section class=\"elementor-section elementor-top-section elementor-element elementor-element-da5265a elementor-section-boxed elementor-section-height-default elementor-section-height-default parallax_section_no qode_elementor_container_no\" data-id=\"da5265a\" data-element_type=\"section\" data-e-type=\"section\">\n\t\t\t\t\t\t<div class=\"elementor-container elementor-column-gap-default\">\n\t\t\t\t\t<div class=\"elementor-column elementor-col-100 elementor-top-column elementor-element elementor-element-491d844\" data-id=\"491d844\" data-element_type=\"column\" data-e-type=\"column\">\n\t\t\t<div class=\"elementor-widget-wrap elementor-element-populated\">\n\t\t\t\t\t\t<div class=\"elementor-element elementor-element-a059c43 elementor-invisible elementor-widget elementor-widget-image\" data-id=\"a059c43\" data-element_type=\"widget\" data-e-type=\"widget\" data-settings=\"{&quot;_animation&quot;:&quot;zoomIn&quot;}\" data-widget_type=\"image.default\">\n\t\t\t\t<div class=\"elementor-widget-container\">\n\t\t\t\t\t\t\t\t\t\t\t\t\t\t\t<img fetchpriority=\"high\" decoding=\"async\" width=\"300\" height=\"239\" src=\"https:\/\/narauschool.com\/wp-content\/uploads\/2023\/07\/clases-de-frances-cabecera-300x239.jpg\" class=\"attachment-medium size-medium wp-image-1389\" alt=\"\" srcset=\"https:\/\/narauschool.com\/wp-content\/uploads\/2023\/07\/clases-de-frances-cabecera-300x239.jpg 300w, https:\/\/narauschool.com\/wp-content\/uploads\/2023\/07\/clases-de-frances-cabecera-600x477.jpg 600w, https:\/\/narauschool.com\/wp-content\/uploads\/2023\/07\/clases-de-frances-cabecera-768x611.jpg 768w, https:\/\/narauschool.com\/wp-content\/uploads\/2023\/07\/clases-de-frances-cabecera-700x557.jpg 700w, https:\/\/narauschool.com\/wp-content\/uploads\/2023\/07\/clases-de-frances-cabecera.jpg 938w\" sizes=\"(max-width: 300px) 100vw, 300px\" \/>\t\t\t\t\t\t\t\t\t\t\t\t\t\t\t<\/div>\n\t\t\t\t<\/div>\n\t\t\t\t\t<\/div>\n\t\t<\/div>\n\t\t\t\t\t<\/div>\n\t\t<\/section>\n\t\t\t\t<section class=\"elementor-section elementor-top-section elementor-element elementor-element-01560f9 elementor-section-boxed elementor-section-height-default elementor-section-height-default parallax_section_no qode_elementor_container_no\" data-id=\"01560f9\" data-element_type=\"section\" data-e-type=\"section\">\n\t\t\t\t\t\t<div class=\"elementor-container elementor-column-gap-default\">\n\t\t\t\t\t<div class=\"elementor-column elementor-col-100 elementor-top-column elementor-element elementor-element-2b95b93\" data-id=\"2b95b93\" data-element_type=\"column\" data-e-type=\"column\">\n\t\t\t<div class=\"elementor-widget-wrap elementor-element-populated\">\n\t\t\t\t\t\t<div class=\"elementor-element elementor-element-0e3a6a1 elementor-invisible elementor-widget elementor-widget-heading\" data-id=\"0e3a6a1\" data-element_type=\"widget\" data-e-type=\"widget\" data-settings=\"{&quot;_animation&quot;:&quot;rubberBand&quot;}\" data-widget_type=\"heading.default\">\n\t\t\t\t<div class=\"elementor-widget-container\">\n\t\t\t\t\t<h1 class=\"elementor-heading-title elementor-size-default\">French Classes at NARAU SCHOOL<\/h1>\t\t\t\t<\/div>\n\t\t\t\t<\/div>\n\t\t\t\t\t<\/div>\n\t\t<\/div>\n\t\t\t\t\t<\/div>\n\t\t<\/section>\n\t\t\t\t<section class=\"elementor-section elementor-top-section elementor-element elementor-element-6848308 elementor-section-boxed elementor-section-height-default elementor-section-height-default parallax_section_no qode_elementor_container_no\" data-id=\"6848308\" data-element_type=\"section\" data-e-type=\"section\">\n\t\t\t\t\t\t<div class=\"elementor-container elementor-column-gap-default\">\n\t\t\t\t\t<div class=\"elementor-column elementor-col-100 elementor-top-column elementor-element elementor-element-0255125\" data-id=\"0255125\" data-element_type=\"column\" data-e-type=\"column\">\n\t\t\t<div class=\"elementor-widget-wrap elementor-element-populated\">\n\t\t\t\t\t\t<div class=\"elementor-element elementor-element-35063b6 elementor-widget elementor-widget-spacer\" data-id=\"35063b6\" data-element_type=\"widget\" data-e-type=\"widget\" data-widget_type=\"spacer.default\">\n\t\t\t\t<div class=\"elementor-widget-container\">\n\t\t\t\t\t\t\t<div class=\"elementor-spacer\">\n\t\t\t<div class=\"elementor-spacer-inner\"><\/div>\n\t\t<\/div>\n\t\t\t\t\t\t<\/div>\n\t\t\t\t<\/div>\n\t\t\t\t\t<\/div>\n\t\t<\/div>\n\t\t\t\t\t<\/div>\n\t\t<\/section>\n\t\t\t\t<section class=\"elementor-section elementor-top-section elementor-element elementor-element-90611c0 elementor-section-boxed elementor-section-height-default elementor-section-height-default parallax_section_no qode_elementor_container_no\" data-id=\"90611c0\" data-element_type=\"section\" data-e-type=\"section\">\n\t\t\t\t\t\t<div class=\"elementor-container elementor-column-gap-default\">\n\t\t\t\t\t<div class=\"elementor-column elementor-col-50 elementor-top-column elementor-element elementor-element-45693bc\" data-id=\"45693bc\" data-element_type=\"column\" data-e-type=\"column\">\n\t\t\t<div class=\"elementor-widget-wrap elementor-element-populated\">\n\t\t\t\t\t\t<div class=\"elementor-element elementor-element-bef99d6 elementor-invisible elementor-widget elementor-widget-image\" data-id=\"bef99d6\" data-element_type=\"widget\" data-e-type=\"widget\" data-settings=\"{&quot;_animation&quot;:&quot;fadeInLeft&quot;}\" data-widget_type=\"image.default\">\n\t\t\t\t<div class=\"elementor-widget-container\">\n\t\t\t\t\t\t\t\t\t\t\t\t\t\t\t<img decoding=\"async\" width=\"1024\" height=\"665\" src=\"https:\/\/narauschool.com\/wp-content\/uploads\/2023\/07\/paris-1024x665.jpg\" class=\"attachment-large size-large wp-image-1400\" alt=\"\" srcset=\"https:\/\/narauschool.com\/wp-content\/uploads\/2023\/07\/paris-1024x665.jpg 1024w, https:\/\/narauschool.com\/wp-content\/uploads\/2023\/07\/paris-600x390.jpg 600w, https:\/\/narauschool.com\/wp-content\/uploads\/2023\/07\/paris-300x195.jpg 300w, https:\/\/narauschool.com\/wp-content\/uploads\/2023\/07\/paris-768x499.jpg 768w, https:\/\/narauschool.com\/wp-content\/uploads\/2023\/07\/paris-400x260.jpg 400w, https:\/\/narauschool.com\/wp-content\/uploads\/2023\/07\/paris-700x454.jpg 700w, https:\/\/narauschool.com\/wp-content\/uploads\/2023\/07\/paris.jpg 1300w\" sizes=\"(max-width: 1024px) 100vw, 1024px\" \/>\t\t\t\t\t\t\t\t\t\t\t\t\t\t\t<\/div>\n\t\t\t\t<\/div>\n\t\t\t\t\t<\/div>\n\t\t<\/div>\n\t\t\t\t<div class=\"elementor-column elementor-col-50 elementor-top-column elementor-element elementor-element-ca39a2e\" data-id=\"ca39a2e\" data-element_type=\"column\" data-e-type=\"column\">\n\t\t\t<div class=\"elementor-widget-wrap elementor-element-populated\">\n\t\t\t\t\t\t<div class=\"elementor-element elementor-element-f0bea7a elementor-invisible elementor-widget elementor-widget-text-editor\" data-id=\"f0bea7a\" data-element_type=\"widget\" data-e-type=\"widget\" data-settings=\"{&quot;_animation&quot;:&quot;fadeInRight&quot;}\" data-widget_type=\"text-editor.default\">\n\t\t\t\t<div class=\"elementor-widget-container\">\n\t\t\t\t\t\t\t\t\t<p>Submerge yourself in French culture while you dive into the language of Moliere. <strong>Our French classes are designed to offer you a stimulating and gratifying learning experience.<\/strong><\/p><p>\u00a0<\/p><p>At NARAU SCHOOL we work towards your mastery of the French language, which will allow you <strong>to communicate effectively in any circumstance.<\/strong><\/p><p>\u00a0<\/p><p>Additionally, getting to know the rich culture of our neighbours will give you <strong>a unique perspective on art, literature, and gastronomy.<\/strong> Join us and discover the beauty of French as you open yourself up to a world of academic and professional possibilities.<\/p>\t\t\t\t\t\t\t\t<\/div>\n\t\t\t\t<\/div>\n\t\t\t\t\t<\/div>\n\t\t<\/div>\n\t\t\t\t\t<\/div>\n\t\t<\/section>\n\t\t\t\t<section class=\"elementor-section elementor-top-section elementor-element elementor-element-c173bbb elementor-section-boxed elementor-section-height-default elementor-section-height-default parallax_section_no qode_elementor_container_no\" data-id=\"c173bbb\" data-element_type=\"section\" data-e-type=\"section\">\n\t\t\t\t\t\t<div class=\"elementor-container elementor-column-gap-default\">\n\t\t\t\t\t<div class=\"elementor-column elementor-col-100 elementor-top-column elementor-element elementor-element-f2123ea\" data-id=\"f2123ea\" data-element_type=\"column\" data-e-type=\"column\">\n\t\t\t<div class=\"elementor-widget-wrap elementor-element-populated\">\n\t\t\t\t\t\t<div class=\"elementor-element elementor-element-3ede0bf elementor-widget elementor-widget-spacer\" data-id=\"3ede0bf\" data-element_type=\"widget\" data-e-type=\"widget\" data-widget_type=\"spacer.default\">\n\t\t\t\t<div class=\"elementor-widget-container\">\n\t\t\t\t\t\t\t<div class=\"elementor-spacer\">\n\t\t\t<div class=\"elementor-spacer-inner\"><\/div>\n\t\t<\/div>\n\t\t\t\t\t\t<\/div>\n\t\t\t\t<\/div>\n\t\t\t\t\t<\/div>\n\t\t<\/div>\n\t\t\t\t\t<\/div>\n\t\t<\/section>\n\t\t\t\t<section class=\"elementor-section elementor-top-section elementor-element elementor-element-ee644d8 elementor-section-boxed elementor-section-height-default elementor-section-height-default parallax_section_no qode_elementor_container_no\" data-id=\"ee644d8\" data-element_type=\"section\" data-e-type=\"section\">\n\t\t\t\t\t\t<div class=\"elementor-container elementor-column-gap-default\">\n\t\t\t\t\t<div class=\"elementor-column elementor-col-100 elementor-top-column elementor-element elementor-element-7780f80\" data-id=\"7780f80\" data-element_type=\"column\" data-e-type=\"column\">\n\t\t\t<div class=\"elementor-widget-wrap elementor-element-populated\">\n\t\t\t\t\t\t<div class=\"elementor-element elementor-element-7e987cb elementor-invisible elementor-widget elementor-widget-text-editor\" data-id=\"7e987cb\" data-element_type=\"widget\" data-e-type=\"widget\" data-settings=\"{&quot;_animation&quot;:&quot;zoomIn&quot;}\" data-widget_type=\"text-editor.default\">\n\t\t\t\t<div class=\"elementor-widget-container\">\n\t\t\t\t\t\t\t\t\t<h3 style=\"text-align: center;\"><span style=\"color: #70d34b;\">Which French exams and tests do we help you prepare for?<\/span><\/h3>\n\t\t\t\t\t\t\t\t<\/div>\n\t\t\t\t<\/div>\n\t\t\t\t\t<\/div>\n\t\t<\/div>\n\t\t\t\t\t<\/div>\n\t\t<\/section>\n\t\t\t\t<section class=\"elementor-section elementor-top-section elementor-element elementor-element-2583146 elementor-section-boxed elementor-section-height-default elementor-section-height-default parallax_section_no qode_elementor_container_no\" data-id=\"2583146\" data-element_type=\"section\" data-e-type=\"section\">\n\t\t\t\t\t\t<div class=\"elementor-container elementor-column-gap-default\">\n\t\t\t\t\t<div class=\"elementor-column elementor-col-100 elementor-top-column elementor-element elementor-element-12ed7f4\" data-id=\"12ed7f4\" data-element_type=\"column\" data-e-type=\"column\">\n\t\t\t<div class=\"elementor-widget-wrap elementor-element-populated\">\n\t\t\t\t\t\t<div class=\"elementor-element elementor-element-843b397 elementor-invisible elementor-widget elementor-widget-bridge_expendable_section\" data-id=\"843b397\" data-element_type=\"widget\" data-e-type=\"widget\" data-settings=\"{&quot;_animation&quot;:&quot;bounce&quot;}\" data-widget_type=\"bridge_expendable_section.default\">\n\t\t\t\t<div class=\"elementor-widget-container\">\n\t\t\t\t\t<div data-q_id=\"#\" data-q_header_style=\"\" class=\"qode-expendable-section-holder\">\r\n    <div class=\"more_facts_holder\" style=\"background-color: \">\r\n        <div class=\"more_facts_button_holder center\">\r\n            <span class=\"more_facts_button\" data-color=\"\" data-hovercolor=\"\" data-morefacts=\"SEE ALL THE EXAMS\" data-lessfacts=\"SEE LESS\" style=\"color: \">\r\n                <span class=\"more_facts_button_text\">SEE ALL THE EXAMS<\/span>\r\n                <span class=\"more_facts_button_arrow\">\r\n                    <i class=\"fa fa-angle-down\"><\/i>\r\n                <\/span>\r\n            <\/span>\r\n        <\/div>\r\n        <div class=\"more_facts_outer\">\r\n            <div class=\"more_facts_inner_holder\">\r\n                <div class=\"more_facts_inner\" data-expandable_content_top_padding=\"70\" style=\"padding-top: 70px\">\r\n                    <p><span style=\"color: #000000;\"><strong>The DELF (Dipl\u00f4me d\u2019\u00e9tudes en langue fran\u00e7aise) and the DALF (Dipl\u00f4me approfondi de langue fran\u00e7aise)<\/strong> are the official international French language certificates issued by the French Ministry of National Education and managed worldwide by France Education International located in S\u00e8vres, near Paris.<\/span><\/p><p>\u00a0<\/p><p><span style=\"color: #000000;\"><strong>The DELF and the DALF consist of 6 independent diplomas, standardized with the Common European Framework of Reference for Languages \u200b\u200b(CEFR). <\/strong>All the tests are developed following the approach to action defined by the CEFR and assess mastery of the four language skills.<\/span><\/p><p>\u00a0<\/p><p><span style=\"color: #000000;\"><strong>These diplomas are internationally recognized and make it possible to assess language skills in French<\/strong>, both academically and professionally, of people who do not have French nationality and who want official recognition of their level of French. The DELF and DALF certifications are offered in more than 1000 official examination centres in 173 countries around the world.<\/span><\/p><p>\u00a0<\/p><p><span style=\"color: #000000;\"><strong>These exams enhance your qualifications<\/strong> since they are increasingly recognized and accepted by administrations, companies, and educational institutions.<\/span><\/p><p>\u00a0<\/p><p><span style=\"color: #000000;\"><strong>The DELF-DALF diplomas are recognized by the CRUE<\/strong>, Conference of Rectors of Spanish Universities.<\/span><\/p><p>\u00a0<\/p><p><span style=\"color: #000000;\"><strong>A certificate at the B1<\/strong> level allows the validation of a university degree in most of the Autonomous Communities. <strong>Level B2 is a minimum requirement to obtain an Erasmus grant.<\/strong><\/span><\/p><p>\u00a0<\/p><p><span style=\"color: #000000;\">The DELF B2 or the DALF provide direct access to French universities and an increasing number of other European and French-speaking universities. <strong>Holders of the DELF B2 are exempt from the linguistic entrance tests for French universities<\/strong>, according to the framework of the <em>demande d\u2019admission pr\u00e9alable<\/em> (DAP) (pre-admission application in a French Higher Education establishment).<\/span><\/p><p>\u00a0<\/p><p><span style=\"color: #000000;\"><strong>DELF certificates do not expire.<\/strong><\/span><\/p><p>\u00a0<\/p><p><span style=\"color: #000000;\"><strong>They are independent diplomas:<\/strong> a candidate can apply directly to the diploma that corresponds to their French level. <strong>All versions of the DELF<\/strong> (for all audiences, junior, school, primary, professional) <strong>have the same validity and the same advantages.<\/strong><\/span><\/p><p>\u00a0<\/p><p><span style=\"color: #000000;\"><strong>To pass, a score of 50% is required.<\/strong> A higher score in one of the skills may offset a lower score in another skill, however you cannot pass with a score lower than 5\/25 in any one of the skills.<\/span><\/p>                <\/div>\r\n            <\/div>\r\n        <\/div>\r\n    <\/div>\r\n<\/div>\t\t\t\t<\/div>\n\t\t\t\t<\/div>\n\t\t\t\t\t<\/div>\n\t\t<\/div>\n\t\t\t\t\t<\/div>\n\t\t<\/section>\n\t\t\t\t<section class=\"elementor-section elementor-top-section elementor-element elementor-element-907d704 elementor-section-boxed elementor-section-height-default elementor-section-height-default parallax_section_no qode_elementor_container_no\" data-id=\"907d704\" data-element_type=\"section\" data-e-type=\"section\">\n\t\t\t\t\t\t<div class=\"elementor-container elementor-column-gap-default\">\n\t\t\t\t\t<div class=\"elementor-column elementor-col-100 elementor-top-column elementor-element elementor-element-fafb812\" data-id=\"fafb812\" data-element_type=\"column\" data-e-type=\"column\">\n\t\t\t<div class=\"elementor-widget-wrap elementor-element-populated\">\n\t\t\t\t\t\t<div class=\"elementor-element elementor-element-988ee8b elementor-widget elementor-widget-spacer\" data-id=\"988ee8b\" data-element_type=\"widget\" data-e-type=\"widget\" data-widget_type=\"spacer.default\">\n\t\t\t\t<div class=\"elementor-widget-container\">\n\t\t\t\t\t\t\t<div class=\"elementor-spacer\">\n\t\t\t<div class=\"elementor-spacer-inner\"><\/div>\n\t\t<\/div>\n\t\t\t\t\t\t<\/div>\n\t\t\t\t<\/div>\n\t\t\t\t\t<\/div>\n\t\t<\/div>\n\t\t\t\t\t<\/div>\n\t\t<\/section>\n\t\t\t\t<section class=\"elementor-section elementor-top-section elementor-element elementor-element-c24d476 elementor-section-boxed elementor-section-height-default elementor-section-height-default parallax_section_no qode_elementor_container_no\" data-id=\"c24d476\" data-element_type=\"section\" data-e-type=\"section\">\n\t\t\t\t\t\t<div class=\"elementor-container elementor-column-gap-default\">\n\t\t\t\t\t<div class=\"elementor-column elementor-col-100 elementor-top-column elementor-element elementor-element-8409643\" data-id=\"8409643\" data-element_type=\"column\" data-e-type=\"column\">\n\t\t\t<div class=\"elementor-widget-wrap elementor-element-populated\">\n\t\t\t\t\t\t<div class=\"elementor-element elementor-element-5c1a14a elementor-widget elementor-widget-image\" data-id=\"5c1a14a\" data-element_type=\"widget\" data-e-type=\"widget\" data-widget_type=\"image.default\">\n\t\t\t\t<div class=\"elementor-widget-container\">\n\t\t\t\t\t\t\t\t\t\t\t\t\t\t\t<img decoding=\"async\" width=\"1024\" height=\"225\" src=\"https:\/\/narauschool.com\/wp-content\/uploads\/2023\/06\/narau-school-academia-idiomas-orio-gipuzkoa-ingles-frances-japones-aleman-1024x225.jpg\" class=\"attachment-large size-large wp-image-574\" alt=\"\" srcset=\"https:\/\/narauschool.com\/wp-content\/uploads\/2023\/06\/narau-school-academia-idiomas-orio-gipuzkoa-ingles-frances-japones-aleman-1024x225.jpg 1024w, https:\/\/narauschool.com\/wp-content\/uploads\/2023\/06\/narau-school-academia-idiomas-orio-gipuzkoa-ingles-frances-japones-aleman-600x132.jpg 600w, https:\/\/narauschool.com\/wp-content\/uploads\/2023\/06\/narau-school-academia-idiomas-orio-gipuzkoa-ingles-frances-japones-aleman-300x66.jpg 300w, https:\/\/narauschool.com\/wp-content\/uploads\/2023\/06\/narau-school-academia-idiomas-orio-gipuzkoa-ingles-frances-japones-aleman-768x169.jpg 768w, https:\/\/narauschool.com\/wp-content\/uploads\/2023\/06\/narau-school-academia-idiomas-orio-gipuzkoa-ingles-frances-japones-aleman-1536x338.jpg 1536w, https:\/\/narauschool.com\/wp-content\/uploads\/2023\/06\/narau-school-academia-idiomas-orio-gipuzkoa-ingles-frances-japones-aleman-700x154.jpg 700w, https:\/\/narauschool.com\/wp-content\/uploads\/2023\/06\/narau-school-academia-idiomas-orio-gipuzkoa-ingles-frances-japones-aleman.jpg 1920w\" sizes=\"(max-width: 1024px) 100vw, 1024px\" \/>\t\t\t\t\t\t\t\t\t\t\t\t\t\t\t<\/div>\n\t\t\t\t<\/div>\n\t\t\t\t\t<\/div>\n\t\t<\/div>\n\t\t\t\t\t<\/div>\n\t\t<\/section>\n\t\t\t\t<\/div>\n\t\t","protected":false},"excerpt":{"rendered":"<p>French Classes at NARAU SCHOOL Submerge yourself in French culture while you dive into the language of Moliere. Our French classes are designed to offer you a stimulating and gratifying learning experience. \u00a0 At NARAU SCHOOL we work towards your mastery of the French language,&#8230;<\/p>\n","protected":false},"author":1,"featured_media":0,"parent":0,"menu_order":0,"comment_status":"closed","ping_status":"closed","template":"","meta":{"footnotes":""},"class_list":["post-2212","page","type-page","status-publish","hentry"],"aioseo_notices":[],"_links":{"self":[{"href":"https:\/\/narauschool.com\/en\/wp-json\/wp\/v2\/pages\/2212","targetHints":{"allow":["GET"]}}],"collection":[{"href":"https:\/\/narauschool.com\/en\/wp-json\/wp\/v2\/pages"}],"about":[{"href":"https:\/\/narauschool.com\/en\/wp-json\/wp\/v2\/types\/page"}],"author":[{"embeddable":true,"href":"https:\/\/narauschool.com\/en\/wp-json\/wp\/v2\/users\/1"}],"replies":[{"embeddable":true,"href":"https:\/\/narauschool.com\/en\/wp-json\/wp\/v2\/comments?post=2212"}],"version-history":[{"count":4,"href":"https:\/\/narauschool.com\/en\/wp-json\/wp\/v2\/pages\/2212\/revisions"}],"predecessor-version":[{"id":2339,"href":"https:\/\/narauschool.com\/en\/wp-json\/wp\/v2\/pages\/2212\/revisions\/2339"}],"wp:attachment":[{"href":"https:\/\/narauschool.com\/en\/wp-json\/wp\/v2\/media?parent=2212"}],"curies":[{"name":"wp","href":"https:\/\/api.w.org\/{rel}","templated":true}]}}